{"id":757,"date":"2019-09-06T11:04:33","date_gmt":"2019-09-06T15:04:33","guid":{"rendered":"https:\/\/dehumidifiedairsolutions.com\/nos-marques\/dehumidified-air-services\/"},"modified":"2026-01-30T13:29:46","modified_gmt":"2026-01-30T18:29:46","slug":"services-air-deshumidifie","status":"publish","type":"page","link":"https:\/\/dehumidifiedairsolutions.com\/fr\/nos-marques\/services-air-deshumidifie\/","title":{"rendered":"Dehumidified Air Services"},"content":{"rendered":"\t\t<div data-elementor-type=\"wp-page\" data-elementor-id=\"757\" class=\"elementor elementor-757 elementor-393\" data-elementor-post-type=\"page\">\n\t\t\t\t\t\t<section class=\"elementor-section elementor-inner-section elementor-element elementor-element-30672f98 elementor-section-boxed elementor-section-height-default elementor-section-height-default\" data-id=\"30672f98\" data-element_type=\"section\" data-e-type=\"section\" data-settings=\"{&quot;background_background&quot;:&quot;classic&quot;}\">\n\t\t\t\t\t\t<div class=\"elementor-container elementor-column-gap-default\">\n\t\t\t\t\t<div class=\"elementor-column elementor-col-50 elementor-inner-column elementor-element elementor-element-68fd2556\" data-id=\"68fd2556\" data-element_type=\"column\" data-e-type=\"column\">\n\t\t\t<div class=\"elementor-widget-wrap elementor-element-populated\">\n\t\t\t\t\t\t<div class=\"elementor-element elementor-element-383f960a elementor-widget__width-initial animated-slow elementor-invisible elementor-widget elementor-widget-text-editor\" data-id=\"383f960a\" data-element_type=\"widget\" data-e-type=\"widget\" data-settings=\"{&quot;_animation&quot;:&quot;fadeIn&quot;}\" data-widget_type=\"text-editor.default\">\n\t\t\t\t<div class=\"elementor-widget-container\">\n\t\t\t\t\t\t\t\t\t<p><img decoding=\"async\" class=\"alignnone wp-image-5847\" src=\"https:\/\/dehumidifiedairsolutions.com\/wp-content\/uploads\/2024\/10\/8305-dasv-logo-fr-tag-f-rgb-300x175.png\" alt=\"\" width=\"200\" height=\"117\" srcset=\"https:\/\/dehumidifiedairsolutions.com\/wp-content\/uploads\/2024\/10\/8305-dasv-logo-fr-tag-f-rgb-300x175.png 300w, https:\/\/dehumidifiedairsolutions.com\/wp-content\/uploads\/2024\/10\/8305-dasv-logo-fr-tag-f-rgb-1024x599.png 1024w, https:\/\/dehumidifiedairsolutions.com\/wp-content\/uploads\/2024\/10\/8305-dasv-logo-fr-tag-f-rgb-768x449.png 768w, https:\/\/dehumidifiedairsolutions.com\/wp-content\/uploads\/2024\/10\/8305-dasv-logo-fr-tag-f-rgb-1536x898.png 1536w, https:\/\/dehumidifiedairsolutions.com\/wp-content\/uploads\/2024\/10\/8305-dasv-logo-fr-tag-f-rgb-2048x1197.png 2048w, https:\/\/dehumidifiedairsolutions.com\/wp-content\/uploads\/2024\/10\/8305-dasv-logo-fr-tag-f-rgb-180x105.png 180w\" sizes=\"(max-width: 200px) 100vw, 200px\" \/><\/p><p>Services d\u2019air d\u00e9shumidifi\u00e9 est un r\u00e9seau national de sp\u00e9cialistes locaux en service<br \/>\u00e0 la client\u00e8le soutenu par une technologie de surveillance \u00e0 distance en temps r\u00e9el et un acc\u00e8s direct aux ing\u00e9nieurs ayant con\u00e7u et construit votre d\u00e9shumidificateur.<\/p><p>Solutions d\u2019air d\u00e9shumidifi\u00e9 est la seule entreprise nord-am\u00e9ricaine ayant l\u2019envergure et l\u2019expertise n\u00e9cessaires pour offrir de l\u2019\u00e9quipement de d\u00e9shumidification pour piscines sans tracas et un service \u00e0 la client\u00e8le in\u00e9gal\u00e9.<\/p><p><span style=\"font-size: 14px;\"><a class=\"btn btn-primary\" href=\"https:\/\/www.dehumidifiedairservices.com\/\" target=\"_blank\" rel=\"noopener\">DehumidifiedAirServices.com<\/a><\/span><\/p>\t\t\t\t\t\t\t\t<\/div>\n\t\t\t\t<\/div>\n\t\t\t\t\t<\/div>\n\t\t<\/div>\n\t\t\t\t<div class=\"elementor-column elementor-col-50 elementor-inner-column elementor-element elementor-element-57d19ac7\" data-id=\"57d19ac7\" data-element_type=\"column\" data-e-type=\"column\">\n\t\t\t<div class=\"elementor-widget-wrap\">\n\t\t\t\t\t\t\t<\/div>\n\t\t<\/div>\n\t\t\t\t\t<\/div>\n\t\t<\/section>\n\t\t\t\t<section class=\"elementor-section elementor-inner-section elementor-element elementor-element-5f11945 elementor-section-content-middle elementor-section-boxed elementor-section-height-default elementor-section-height-default\" data-id=\"5f11945\" data-element_type=\"section\" data-e-type=\"section\">\n\t\t\t\t\t\t<div class=\"elementor-container elementor-column-gap-wide\">\n\t\t\t\t\t<div class=\"elementor-column elementor-col-16 elementor-inner-column elementor-element elementor-element-0d278f9\" data-id=\"0d278f9\" data-element_type=\"column\" data-e-type=\"column\">\n\t\t\t<div class=\"elementor-widget-wrap elementor-element-populated\">\n\t\t\t\t\t\t<div class=\"elementor-element elementor-element-17974f1 elementor-widget elementor-widget-image\" data-id=\"17974f1\" data-element_type=\"widget\" data-e-type=\"widget\" data-widget_type=\"image.default\">\n\t\t\t\t<div class=\"elementor-widget-container\">\n\t\t\t\t\t\t\t\t\t\t\t\t\t\t\t\t<a href=\"https:\/\/dehumidifiedairsolutions.com\/fr\/nos-marques\/dectron\/\">\n\t\t\t\t\t\t\t<img fetchpriority=\"high\" decoding=\"async\" width=\"460\" height=\"216\" src=\"https:\/\/dehumidifiedairsolutions.com\/wp-content\/uploads\/2019\/10\/dectron-logo.png\" class=\"attachment-full size-full wp-image-669\" alt=\"\" srcset=\"https:\/\/dehumidifiedairsolutions.com\/wp-content\/uploads\/2019\/10\/dectron-logo.png 460w, https:\/\/dehumidifiedairsolutions.com\/wp-content\/uploads\/2019\/10\/dectron-logo-300x141.png 300w\" sizes=\"(max-width: 460px) 100vw, 460px\" \/>\t\t\t\t\t\t\t\t<\/a>\n\t\t\t\t\t\t\t\t\t\t\t\t\t\t\t<\/div>\n\t\t\t\t<\/div>\n\t\t\t\t\t<\/div>\n\t\t<\/div>\n\t\t\t\t<div class=\"elementor-column elementor-col-16 elementor-inner-column elementor-element elementor-element-a1a8513\" data-id=\"a1a8513\" data-element_type=\"column\" data-e-type=\"column\">\n\t\t\t<div class=\"elementor-widget-wrap elementor-element-populated\">\n\t\t\t\t\t\t<div class=\"elementor-element elementor-element-45f443b elementor-widget elementor-widget-image\" data-id=\"45f443b\" data-element_type=\"widget\" data-e-type=\"widget\" data-widget_type=\"image.default\">\n\t\t\t\t<div class=\"elementor-widget-container\">\n\t\t\t\t\t\t\t\t\t\t\t\t\t\t\t\t<a href=\"https:\/\/dehumidifiedairsolutions.com\/fr\/nos-marques\/poolpak\/\">\n\t\t\t\t\t\t\t<img decoding=\"async\" src=\"https:\/\/dehumidifiedairsolutions.com\/wp-content\/uploads\/elementor\/thumbs\/ppkn-logo-rifgcyypqoxudo9dcxzeib9yrehwujigkovsylmvfm.png\" title=\"ppkn-logo\" alt=\"ppkn-logo\" loading=\"lazy\" \/>\t\t\t\t\t\t\t\t<\/a>\n\t\t\t\t\t\t\t\t\t\t\t\t\t\t\t<\/div>\n\t\t\t\t<\/div>\n\t\t\t\t\t<\/div>\n\t\t<\/div>\n\t\t\t\t<div class=\"elementor-column elementor-col-16 elementor-inner-column elementor-element elementor-element-3a0249e\" data-id=\"3a0249e\" data-element_type=\"column\" data-e-type=\"column\">\n\t\t\t<div class=\"elementor-widget-wrap elementor-element-populated\">\n\t\t\t\t\t\t<div class=\"elementor-element elementor-element-88e4a52 elementor-widget elementor-widget-image\" data-id=\"88e4a52\" data-element_type=\"widget\" data-e-type=\"widget\" data-widget_type=\"image.default\">\n\t\t\t\t<div class=\"elementor-widget-container\">\n\t\t\t\t\t\t\t\t\t\t\t\t\t\t\t\t<a href=\"https:\/\/dehumidifiedairsolutions.com\/fr\/nos-marques\/seresco\/\">\n\t\t\t\t\t\t\t<img decoding=\"async\" src=\"https:\/\/dehumidifiedairsolutions.com\/wp-content\/uploads\/elementor\/thumbs\/sern-logo-1-rifgesrf13fwydlsoqfacuo8cdhltcro5qjsjyxbc2.png\" title=\"sern-logo-1\" alt=\"sern-logo-1\" loading=\"lazy\" \/>\t\t\t\t\t\t\t\t<\/a>\n\t\t\t\t\t\t\t\t\t\t\t\t\t\t\t<\/div>\n\t\t\t\t<\/div>\n\t\t\t\t\t<\/div>\n\t\t<\/div>\n\t\t\t\t<div class=\"elementor-column elementor-col-16 elementor-inner-column elementor-element elementor-element-9ed2ff6\" data-id=\"9ed2ff6\" data-element_type=\"column\" data-e-type=\"column\">\n\t\t\t<div class=\"elementor-widget-wrap elementor-element-populated\">\n\t\t\t\t\t\t<div class=\"elementor-element elementor-element-e3d53be elementor-widget elementor-widget-image\" data-id=\"e3d53be\" data-element_type=\"widget\" data-e-type=\"widget\" data-widget_type=\"image.default\">\n\t\t\t\t<div class=\"elementor-widget-container\">\n\t\t\t\t\t\t\t\t\t\t\t\t\t\t\t\t<a href=\"https:\/\/dehumidifiedairsolutions.com\/fr\/nos-marques\/agronomiciq\/\">\n\t\t\t\t\t\t\t<img decoding=\"async\" src=\"https:\/\/dehumidifiedairsolutions.com\/wp-content\/uploads\/elementor\/thumbs\/agiq-brand-logo-qzmjohhn2z1k0xhpil33sgw2u4wxhvk0h17g70al5u.png\" title=\"agiq-brand-logo\" alt=\"agiq-brand-logo\" loading=\"lazy\" \/>\t\t\t\t\t\t\t\t<\/a>\n\t\t\t\t\t\t\t\t\t\t\t\t\t\t\t<\/div>\n\t\t\t\t<\/div>\n\t\t\t\t\t<\/div>\n\t\t<\/div>\n\t\t\t\t<div class=\"elementor-column elementor-col-16 elementor-inner-column elementor-element elementor-element-b0173d5\" data-id=\"b0173d5\" data-element_type=\"column\" data-e-type=\"column\">\n\t\t\t<div class=\"elementor-widget-wrap elementor-element-populated\">\n\t\t\t\t\t\t<div class=\"elementor-element elementor-element-01c4309 elementor-widget elementor-widget-image\" data-id=\"01c4309\" data-element_type=\"widget\" data-e-type=\"widget\" data-widget_type=\"image.default\">\n\t\t\t\t<div class=\"elementor-widget-container\">\n\t\t\t\t\t\t\t\t\t\t\t\t\t\t\t\t<a href=\"https:\/\/dehumidifiedairsolutions.com\/fr\/nos-marques\/aquadry\/\">\n\t\t\t\t\t\t\t<img decoding=\"async\" src=\"https:\/\/dehumidifiedairsolutions.com\/wp-content\/uploads\/elementor\/thumbs\/aquadry-logo-rif7kp7o6hzlx1nt5qfh1mfj73ctwuxtfanatwkn1e.png\" title=\"aquadry-logo\" alt=\"aquadry-logo\" loading=\"lazy\" \/>\t\t\t\t\t\t\t\t<\/a>\n\t\t\t\t\t\t\t\t\t\t\t\t\t\t\t<\/div>\n\t\t\t\t<\/div>\n\t\t\t\t\t<\/div>\n\t\t<\/div>\n\t\t\t\t<div class=\"elementor-column elementor-col-16 elementor-inner-column elementor-element elementor-element-3aa0ec2\" data-id=\"3aa0ec2\" data-element_type=\"column\" data-e-type=\"column\">\n\t\t\t<div class=\"elementor-widget-wrap elementor-element-populated\">\n\t\t\t\t\t\t<div class=\"elementor-element elementor-element-eb97079 elementor-widget elementor-widget-image\" data-id=\"eb97079\" data-element_type=\"widget\" data-e-type=\"widget\" data-widget_type=\"image.default\">\n\t\t\t\t<div class=\"elementor-widget-container\">\n\t\t\t\t\t\t\t\t\t\t\t\t\t\t\t\t<a href=\"https:\/\/dehumidifiedairsolutions.com\/fr\/nos-marques\/services-air-deshumidifie\/\">\n\t\t\t\t\t\t\t<img decoding=\"async\" src=\"https:\/\/dehumidifiedairsolutions.com\/wp-content\/uploads\/elementor\/thumbs\/dasv-logo-fr-rifglyb71p8hbj7owtr2c1oj3y86ef64h5au1sbfz6.png\" title=\"dasv-logo-fr\" alt=\"dasv-logo-fr\" loading=\"lazy\" \/>\t\t\t\t\t\t\t\t<\/a>\n\t\t\t\t\t\t\t\t\t\t\t\t\t\t\t<\/div>\n\t\t\t\t<\/div>\n\t\t\t\t\t<\/div>\n\t\t<\/div>\n\t\t\t\t\t<\/div>\n\t\t<\/section>\n\t\t\t\t<\/div>\n\t\t","protected":false},"excerpt":{"rendered":"<p>Services d\u2019air d\u00e9shumidifi\u00e9 est un r\u00e9seau national de sp\u00e9cialistes locaux en service\u00e0 la client\u00e8le soutenu par une technologie de surveillance \u00e0 distance en temps r\u00e9el et un acc\u00e8s direct aux ing\u00e9nieurs ayant con\u00e7u et construit votre d\u00e9shumidificateur. Solutions d\u2019air d\u00e9shumidifi\u00e9 est la seule entreprise nord-am\u00e9ricaine ayant l\u2019envergure et l\u2019expertise n\u00e9cessaires pour offrir de l\u2019\u00e9quipement de &#8230; <a title=\"Dehumidified Air Services\" class=\"read-more\" href=\"https:\/\/dehumidifiedairsolutions.com\/fr\/nos-marques\/services-air-deshumidifie\/\" aria-label=\"En savoir plus sur Dehumidified Air Services\">Lire plus<\/a><\/p>\n","protected":false},"author":3,"featured_media":0,"parent":720,"menu_order":0,"comment_status":"closed","ping_status":"closed","template":"","meta":{"_acf_changed":false,"inline_featured_image":false,"generate_page_header":"","footnotes":""},"class_list":["post-757","page","type-page","status-publish"],"acf":[],"_links":{"self":[{"href":"https:\/\/dehumidifiedairsolutions.com\/fr\/wp-json\/wp\/v2\/pages\/757","targetHints":{"allow":["GET"]}}],"collection":[{"href":"https:\/\/dehumidifiedairsolutions.com\/fr\/wp-json\/wp\/v2\/pages"}],"about":[{"href":"https:\/\/dehumidifiedairsolutions.com\/fr\/wp-json\/wp\/v2\/types\/page"}],"author":[{"embeddable":true,"href":"https:\/\/dehumidifiedairsolutions.com\/fr\/wp-json\/wp\/v2\/users\/3"}],"replies":[{"embeddable":true,"href":"https:\/\/dehumidifiedairsolutions.com\/fr\/wp-json\/wp\/v2\/comments?post=757"}],"version-history":[{"count":3,"href":"https:\/\/dehumidifiedairsolutions.com\/fr\/wp-json\/wp\/v2\/pages\/757\/revisions"}],"predecessor-version":[{"id":6179,"href":"https:\/\/dehumidifiedairsolutions.com\/fr\/wp-json\/wp\/v2\/pages\/757\/revisions\/6179"}],"up":[{"embeddable":true,"href":"https:\/\/dehumidifiedairsolutions.com\/fr\/wp-json\/wp\/v2\/pages\/720"}],"wp:attachment":[{"href":"https:\/\/dehumidifiedairsolutions.com\/fr\/wp-json\/wp\/v2\/media?parent=757"}],"curies":[{"name":"wp","href":"https:\/\/api.w.org\/{rel}","templated":true}]}}