{"id":753,"date":"2019-09-06T10:52:54","date_gmt":"2019-09-06T14:52:54","guid":{"rendered":"https:\/\/dehumidifiedairsolutions.com\/nos-marques\/seresco\/"},"modified":"2026-01-30T13:29:02","modified_gmt":"2026-01-30T18:29:02","slug":"seresco","status":"publish","type":"page","link":"https:\/\/dehumidifiedairsolutions.com\/fr\/nos-marques\/seresco\/","title":{"rendered":"Seresco"},"content":{"rendered":"\t\t<div data-elementor-type=\"wp-page\" data-elementor-id=\"753\" class=\"elementor elementor-753 elementor-388\" data-elementor-post-type=\"page\">\n\t\t\t\t\t\t<section class=\"elementor-section elementor-inner-section elementor-element elementor-element-759afab8 elementor-section-boxed elementor-section-height-default elementor-section-height-default\" data-id=\"759afab8\" data-element_type=\"section\" data-e-type=\"section\" data-settings=\"{&quot;background_background&quot;:&quot;classic&quot;}\">\n\t\t\t\t\t\t<div class=\"elementor-container elementor-column-gap-default\">\n\t\t\t\t\t<div class=\"elementor-column elementor-col-50 elementor-inner-column elementor-element elementor-element-5453fd20\" data-id=\"5453fd20\" data-element_type=\"column\" data-e-type=\"column\">\n\t\t\t<div class=\"elementor-widget-wrap elementor-element-populated\">\n\t\t\t\t\t\t<div class=\"elementor-element elementor-element-5291b6da elementor-widget__width-initial animated-slow elementor-invisible elementor-widget elementor-widget-text-editor\" data-id=\"5291b6da\" data-element_type=\"widget\" data-e-type=\"widget\" data-settings=\"{&quot;_animation&quot;:&quot;fadeIn&quot;}\" data-widget_type=\"text-editor.default\">\n\t\t\t\t<div class=\"elementor-widget-container\">\n\t\t\t\t\t\t\t\t\t<p><img decoding=\"async\" class=\"alignnone wp-image-5736\" style=\"max-width: 300px; margin-bottom: 1rem;\" role=\"img\" src=\"https:\/\/dehumidifiedairsolutions.com\/wp-content\/uploads\/2024\/06\/sern-logo-e1728675709265.png\" alt=\"\" width=\"240\" height=\"73\" srcset=\"https:\/\/dehumidifiedairsolutions.com\/wp-content\/uploads\/2024\/06\/sern-logo-e1728675709265.png 280w, https:\/\/dehumidifiedairsolutions.com\/wp-content\/uploads\/2024\/06\/sern-logo-e1728675709265-180x55.png 180w\" sizes=\"(max-width: 240px) 100vw, 240px\" \/><\/p><p><span style=\"font-size: 22px;\">Des innovateurs d\u00e9termin\u00e9s \u00e0 r\u00e9soudre<\/span><br \/><span style=\"font-size: 22px;\">des probl\u00e8mes de longue date de l\u2019industrie<br \/>de la d\u00e9shumidification fondent Seresco en 2003.<br \/>Leur secret\u00a0: des concepts de pointe, des syst\u00e8mes<br \/>de contr\u00f4le perfectionn\u00e9s et une surveillance<br \/>et un contr\u00f4le \u00e0 distance en tout temps.<br \/>Seresco continue d\u2019innover en priorisant<br \/>des technologies \u00e9cologiques et \u00e9co\u00e9nerg\u00e9tiques<br \/>de d\u00e9shumidification pour piscines int\u00e9rieures.<\/span><\/p><p><span style=\"font-size: 14px;\"><a class=\"btn btn-primary\" href=\"https:\/\/www.serescodehumidifiers.com\/\" target=\"_blank\" rel=\"noopener\">SerescoDehumidifiers.com<\/a><\/span><\/p>\t\t\t\t\t\t\t\t<\/div>\n\t\t\t\t<\/div>\n\t\t\t\t\t<\/div>\n\t\t<\/div>\n\t\t\t\t<div class=\"elementor-column elementor-col-50 elementor-inner-column elementor-element elementor-element-73506525\" data-id=\"73506525\" data-element_type=\"column\" data-e-type=\"column\">\n\t\t\t<div class=\"elementor-widget-wrap\">\n\t\t\t\t\t\t\t<\/div>\n\t\t<\/div>\n\t\t\t\t\t<\/div>\n\t\t<\/section>\n\t\t\t\t<section class=\"elementor-section elementor-inner-section elementor-element elementor-element-6f02568 elementor-section-content-middle elementor-section-boxed elementor-section-height-default elementor-section-height-default\" data-id=\"6f02568\" data-element_type=\"section\" data-e-type=\"section\">\n\t\t\t\t\t\t<div class=\"elementor-container elementor-column-gap-wide\">\n\t\t\t\t\t<div class=\"elementor-column elementor-col-16 elementor-inner-column elementor-element elementor-element-da630b7\" data-id=\"da630b7\" data-element_type=\"column\" data-e-type=\"column\">\n\t\t\t<div class=\"elementor-widget-wrap elementor-element-populated\">\n\t\t\t\t\t\t<div class=\"elementor-element elementor-element-d6ef3ed elementor-widget elementor-widget-image\" data-id=\"d6ef3ed\" data-element_type=\"widget\" data-e-type=\"widget\" data-widget_type=\"image.default\">\n\t\t\t\t<div class=\"elementor-widget-container\">\n\t\t\t\t\t\t\t\t\t\t\t\t\t\t\t\t<a href=\"https:\/\/dehumidifiedairsolutions.com\/fr\/nos-marques\/dectron\/\">\n\t\t\t\t\t\t\t<img fetchpriority=\"high\" decoding=\"async\" width=\"460\" height=\"216\" src=\"https:\/\/dehumidifiedairsolutions.com\/wp-content\/uploads\/2019\/10\/dectron-logo.png\" class=\"attachment-full size-full wp-image-669\" alt=\"\" srcset=\"https:\/\/dehumidifiedairsolutions.com\/wp-content\/uploads\/2019\/10\/dectron-logo.png 460w, https:\/\/dehumidifiedairsolutions.com\/wp-content\/uploads\/2019\/10\/dectron-logo-300x141.png 300w\" sizes=\"(max-width: 460px) 100vw, 460px\" \/>\t\t\t\t\t\t\t\t<\/a>\n\t\t\t\t\t\t\t\t\t\t\t\t\t\t\t<\/div>\n\t\t\t\t<\/div>\n\t\t\t\t\t<\/div>\n\t\t<\/div>\n\t\t\t\t<div class=\"elementor-column elementor-col-16 elementor-inner-column elementor-element elementor-element-a7f1fd4\" data-id=\"a7f1fd4\" data-element_type=\"column\" data-e-type=\"column\">\n\t\t\t<div class=\"elementor-widget-wrap elementor-element-populated\">\n\t\t\t\t\t\t<div class=\"elementor-element elementor-element-72f7193 elementor-widget elementor-widget-image\" data-id=\"72f7193\" data-element_type=\"widget\" data-e-type=\"widget\" data-widget_type=\"image.default\">\n\t\t\t\t<div class=\"elementor-widget-container\">\n\t\t\t\t\t\t\t\t\t\t\t\t\t\t\t\t<a href=\"https:\/\/dehumidifiedairsolutions.com\/fr\/nos-marques\/poolpak\/\">\n\t\t\t\t\t\t\t<img decoding=\"async\" src=\"https:\/\/dehumidifiedairsolutions.com\/wp-content\/uploads\/elementor\/thumbs\/ppkn-logo-rifgcyypqoxudo9dcxzeib9yrehwujigkovsylmvfm.png\" title=\"ppkn-logo\" alt=\"ppkn-logo\" loading=\"lazy\" \/>\t\t\t\t\t\t\t\t<\/a>\n\t\t\t\t\t\t\t\t\t\t\t\t\t\t\t<\/div>\n\t\t\t\t<\/div>\n\t\t\t\t\t<\/div>\n\t\t<\/div>\n\t\t\t\t<div class=\"elementor-column elementor-col-16 elementor-inner-column elementor-element elementor-element-4b90890\" data-id=\"4b90890\" data-element_type=\"column\" data-e-type=\"column\">\n\t\t\t<div class=\"elementor-widget-wrap elementor-element-populated\">\n\t\t\t\t\t\t<div class=\"elementor-element elementor-element-c23dd95 elementor-widget elementor-widget-image\" data-id=\"c23dd95\" data-element_type=\"widget\" data-e-type=\"widget\" data-widget_type=\"image.default\">\n\t\t\t\t<div class=\"elementor-widget-container\">\n\t\t\t\t\t\t\t\t\t\t\t\t\t\t\t\t<a href=\"https:\/\/dehumidifiedairsolutions.com\/fr\/nos-marques\/seresco\/\">\n\t\t\t\t\t\t\t<img decoding=\"async\" src=\"https:\/\/dehumidifiedairsolutions.com\/wp-content\/uploads\/elementor\/thumbs\/sern-logo-1-rifgesrf13fwydlsoqfacuo8cdhltcro5qjsjyxbc2.png\" title=\"sern-logo-1\" alt=\"sern-logo-1\" loading=\"lazy\" \/>\t\t\t\t\t\t\t\t<\/a>\n\t\t\t\t\t\t\t\t\t\t\t\t\t\t\t<\/div>\n\t\t\t\t<\/div>\n\t\t\t\t\t<\/div>\n\t\t<\/div>\n\t\t\t\t<div class=\"elementor-column elementor-col-16 elementor-inner-column elementor-element elementor-element-e6c0742\" data-id=\"e6c0742\" data-element_type=\"column\" data-e-type=\"column\">\n\t\t\t<div class=\"elementor-widget-wrap elementor-element-populated\">\n\t\t\t\t\t\t<div class=\"elementor-element elementor-element-76fe5c5 elementor-widget elementor-widget-image\" data-id=\"76fe5c5\" data-element_type=\"widget\" data-e-type=\"widget\" data-widget_type=\"image.default\">\n\t\t\t\t<div class=\"elementor-widget-container\">\n\t\t\t\t\t\t\t\t\t\t\t\t\t\t\t\t<a href=\"https:\/\/dehumidifiedairsolutions.com\/fr\/nos-marques\/agronomiciq\/\">\n\t\t\t\t\t\t\t<img decoding=\"async\" src=\"https:\/\/dehumidifiedairsolutions.com\/wp-content\/uploads\/elementor\/thumbs\/agiq-brand-logo-qzmjohhn2z1k0xhpil33sgw2u4wxhvk0h17g70al5u.png\" title=\"agiq-brand-logo\" alt=\"agiq-brand-logo\" loading=\"lazy\" \/>\t\t\t\t\t\t\t\t<\/a>\n\t\t\t\t\t\t\t\t\t\t\t\t\t\t\t<\/div>\n\t\t\t\t<\/div>\n\t\t\t\t\t<\/div>\n\t\t<\/div>\n\t\t\t\t<div class=\"elementor-column elementor-col-16 elementor-inner-column elementor-element elementor-element-2b9f832\" data-id=\"2b9f832\" data-element_type=\"column\" data-e-type=\"column\">\n\t\t\t<div class=\"elementor-widget-wrap elementor-element-populated\">\n\t\t\t\t\t\t<div class=\"elementor-element elementor-element-9cd2eed elementor-widget elementor-widget-image\" data-id=\"9cd2eed\" data-element_type=\"widget\" data-e-type=\"widget\" data-widget_type=\"image.default\">\n\t\t\t\t<div class=\"elementor-widget-container\">\n\t\t\t\t\t\t\t\t\t\t\t\t\t\t\t\t<a href=\"https:\/\/dehumidifiedairsolutions.com\/fr\/nos-marques\/aquadry\/\">\n\t\t\t\t\t\t\t<img decoding=\"async\" src=\"https:\/\/dehumidifiedairsolutions.com\/wp-content\/uploads\/elementor\/thumbs\/aquadry-logo-rif7kp7o6hzlx1nt5qfh1mfj73ctwuxtfanatwkn1e.png\" title=\"aquadry-logo\" alt=\"aquadry-logo\" loading=\"lazy\" \/>\t\t\t\t\t\t\t\t<\/a>\n\t\t\t\t\t\t\t\t\t\t\t\t\t\t\t<\/div>\n\t\t\t\t<\/div>\n\t\t\t\t\t<\/div>\n\t\t<\/div>\n\t\t\t\t<div class=\"elementor-column elementor-col-16 elementor-inner-column elementor-element elementor-element-1910b34\" data-id=\"1910b34\" data-element_type=\"column\" data-e-type=\"column\">\n\t\t\t<div class=\"elementor-widget-wrap elementor-element-populated\">\n\t\t\t\t\t\t<div class=\"elementor-element elementor-element-d6fdd1a elementor-widget elementor-widget-image\" data-id=\"d6fdd1a\" data-element_type=\"widget\" data-e-type=\"widget\" data-widget_type=\"image.default\">\n\t\t\t\t<div class=\"elementor-widget-container\">\n\t\t\t\t\t\t\t\t\t\t\t\t\t\t\t\t<a href=\"https:\/\/dehumidifiedairsolutions.com\/fr\/nos-marques\/services-air-deshumidifie\/\">\n\t\t\t\t\t\t\t<img decoding=\"async\" src=\"https:\/\/dehumidifiedairsolutions.com\/wp-content\/uploads\/elementor\/thumbs\/dasv-logo-fr-rifglyb71p8hbj7owtr2c1oj3y86ef64h5au1sbfz6.png\" title=\"dasv-logo-fr\" alt=\"dasv-logo-fr\" loading=\"lazy\" \/>\t\t\t\t\t\t\t\t<\/a>\n\t\t\t\t\t\t\t\t\t\t\t\t\t\t\t<\/div>\n\t\t\t\t<\/div>\n\t\t\t\t\t<\/div>\n\t\t<\/div>\n\t\t\t\t\t<\/div>\n\t\t<\/section>\n\t\t\t\t<\/div>\n\t\t","protected":false},"excerpt":{"rendered":"<p>Des innovateurs d\u00e9termin\u00e9s \u00e0 r\u00e9soudredes probl\u00e8mes de longue date de l\u2019industriede la d\u00e9shumidification fondent Seresco en 2003.Leur secret\u00a0: des concepts de pointe, des syst\u00e8mesde contr\u00f4le perfectionn\u00e9s et une surveillanceet un contr\u00f4le \u00e0 distance en tout temps.Seresco continue d\u2019innover en priorisantdes technologies \u00e9cologiques et \u00e9co\u00e9nerg\u00e9tiquesde d\u00e9shumidification pour piscines int\u00e9rieures. SerescoDehumidifiers.com<\/p>\n","protected":false},"author":3,"featured_media":0,"parent":720,"menu_order":0,"comment_status":"closed","ping_status":"closed","template":"","meta":{"_acf_changed":false,"inline_featured_image":false,"generate_page_header":"","footnotes":""},"class_list":["post-753","page","type-page","status-publish"],"acf":[],"_links":{"self":[{"href":"https:\/\/dehumidifiedairsolutions.com\/fr\/wp-json\/wp\/v2\/pages\/753","targetHints":{"allow":["GET"]}}],"collection":[{"href":"https:\/\/dehumidifiedairsolutions.com\/fr\/wp-json\/wp\/v2\/pages"}],"about":[{"href":"https:\/\/dehumidifiedairsolutions.com\/fr\/wp-json\/wp\/v2\/types\/page"}],"author":[{"embeddable":true,"href":"https:\/\/dehumidifiedairsolutions.com\/fr\/wp-json\/wp\/v2\/users\/3"}],"replies":[{"embeddable":true,"href":"https:\/\/dehumidifiedairsolutions.com\/fr\/wp-json\/wp\/v2\/comments?post=753"}],"version-history":[{"count":3,"href":"https:\/\/dehumidifiedairsolutions.com\/fr\/wp-json\/wp\/v2\/pages\/753\/revisions"}],"predecessor-version":[{"id":6170,"href":"https:\/\/dehumidifiedairsolutions.com\/fr\/wp-json\/wp\/v2\/pages\/753\/revisions\/6170"}],"up":[{"embeddable":true,"href":"https:\/\/dehumidifiedairsolutions.com\/fr\/wp-json\/wp\/v2\/pages\/720"}],"wp:attachment":[{"href":"https:\/\/dehumidifiedairsolutions.com\/fr\/wp-json\/wp\/v2\/media?parent=753"}],"curies":[{"name":"wp","href":"https:\/\/api.w.org\/{rel}","templated":true}]}}