{"id":708,"date":"2018-09-09T13:58:04","date_gmt":"2018-09-09T17:58:04","guid":{"rendered":"https:\/\/dehumidifiedairsolutions.com\/our-story\/"},"modified":"2026-01-30T13:28:42","modified_gmt":"2026-01-30T18:28:42","slug":"notre-histoire","status":"publish","type":"page","link":"https:\/\/dehumidifiedairsolutions.com\/fr\/notre-histoire\/","title":{"rendered":"Notre histoire"},"content":{"rendered":"\t\t<div data-elementor-type=\"wp-page\" data-elementor-id=\"708\" class=\"elementor elementor-708 elementor-21\" data-elementor-post-type=\"page\">\n\t\t\t\t\t\t<section class=\"elementor-section elementor-top-section elementor-element elementor-element-39bea7af elementor-section-boxed elementor-section-height-default elementor-section-height-default\" data-id=\"39bea7af\" data-element_type=\"section\" data-e-type=\"section\">\n\t\t\t\t\t\t<div class=\"elementor-container elementor-column-gap-default\">\n\t\t\t\t\t<div class=\"elementor-column elementor-col-100 elementor-top-column elementor-element elementor-element-69d6b362\" data-id=\"69d6b362\" data-element_type=\"column\" data-e-type=\"column\">\n\t\t\t<div class=\"elementor-widget-wrap elementor-element-populated\">\n\t\t\t\t\t\t<div class=\"elementor-element elementor-element-76567729 elementor-widget elementor-widget-text-editor\" data-id=\"76567729\" data-element_type=\"widget\" data-e-type=\"widget\" data-widget_type=\"text-editor.default\">\n\t\t\t\t<div class=\"elementor-widget-container\">\n\t\t\t\t\t\t\t\t\t<h1 class=\"entry-title\">Notre histoire<\/h1><p>Si vous \u00eates propri\u00e9taire, concepteur ou sp\u00e9cificateur d\u2019\u00e9quipement de piscine int\u00e9rieure, vous savez \u00e0 quel point il est difficile d\u2019en ajuster l\u2019air environnant. Et le fait que ces projets soient plut\u00f4t rares, contrairement \u00e0 la conception de syst\u00e8mes CVC, ne nous facilite pas la t\u00e2che.<\/p><h2>Les difficult\u00e9s de l\u2019industrie<\/h2><p>Plusieurs facteurs complexes et \u00e9troitement reli\u00e9s doivent \u00eatre pris en compte pour satisfaire les attentes des usagers\u00a0: taille de la pi\u00e8ce, fr\u00e9quentation de la piscine, temp\u00e9rature de l\u2019eau, temp\u00e9rature int\u00e9rieure et ext\u00e9rieure, distribution de l\u2019air, humidit\u00e9 ext\u00e9rieure, conception ad\u00e9quate du b\u00e2timent, du syst\u00e8me CVC et du syst\u00e8me de contr\u00f4le de l\u2019humidit\u00e9 et co\u00fbts de fonctionnement et d\u2019entretien. Malheureusement, une seule erreur peut entra\u00eener des probl\u00e8mes et des cons\u00e9quences co\u00fbteuses et f\u00e2cheuses pour les propri\u00e9taires, les exploitants et les usagers.<\/p><p>Au fil des ans, plusieurs entreprises ont cherch\u00e9 \u00e0 atteindre l\u2019\u00e9quilibre souhait\u00e9, mais aucune d\u2019elles n\u2019avait la pr\u00e9sence sur le march\u00e9, l\u2019envergure ou les ressources n\u00e9cessaires pour influencer l\u2019industrie tout enti\u00e8re. R\u00e9sultat\u00a0: de nombreuses installations ont souffert de la triste combinaison de d\u00e9sinformation, de manque d\u2019expertise et de mauvaises d\u00e9cisions.<\/p><h2>Changer le cours des choses<\/h2><p>Devant cette situation, nous nous sommes demand\u00e9 comment faire mieux. Nous avons donc fait appel aux chefs de file de l\u2019industrie qui, collectivement, regroupent\u00a0:<\/p><ul><li>la plus grande gamme de produits;<\/li><li>75\u00a0ans d\u2019exp\u00e9rience en d\u00e9veloppement et en perfectionnement de produits;<\/li><li>les meilleurs logiciels de s\u00e9lection et de conception de leur cat\u00e9gorie;<\/li><li>toutes les grandes innovations des 40\u00a0derni\u00e8res ann\u00e9es.<\/li><\/ul><p>Nous avons finalement d\u00e9cid\u00e9 de plonger! Convaincus que nous pourrions faire toute la diff\u00e9rence du monde. D\u00e9termin\u00e9s \u00e0 faire progresser l\u2019industrie comme jamais auparavant. Ensemble, nous formons aujourd\u2019hui Solutions d\u2019air d\u00e9shumidifi\u00e9!<br \/>Des produits, des outils et du soutien innovateurs; Dectron, PoolPak et Seresco sont trois marques fortes, distinctes et ind\u00e9pendantes. R\u00e9unies sous la banni\u00e8re Solutions d\u2019air d\u00e9shumidifi\u00e9, elles ont aujourd\u2019hui l\u2019envergure et la capacit\u00e9 financi\u00e8re n\u00e9cessaires pour offrir les meilleurs produits, outils et services de soutien de l\u2019industrie.<\/p><p>Mais ce n\u2019est pas tout! Ces marques profitent d\u00e9sormais d\u2019une solide structure de services partag\u00e9s. La mise en commun de nos bases de connaissances et de notre expertise permet d\u2019am\u00e9liorer l\u2019efficacit\u00e9 de la prestation de services locaux, de simplifier nos plateformes, de perfectionner nos logiciels et d\u2019informer plus efficacement les propri\u00e9taires, les exploitants et les ing\u00e9nieurs de piscines. Ensemble, nous formons une organisation nationale qui compl\u00e8te et am\u00e9liore l\u2019offre de services actuelle gr\u00e2ce au personnel hautement qualifi\u00e9 de Services d\u2019air d\u00e9shumidifi\u00e9.<\/p><h2>Une exp\u00e9rience am\u00e9lior\u00e9e<\/h2><p>En unissant nos forces, nous am\u00e9liorons l\u2019exp\u00e9rience des concepteurs, des sp\u00e9cificateurs d\u2019\u00e9quipement, des installateurs, des propri\u00e9taires, des exploitants et des usagers de piscines int\u00e9rieures. Dectron, PoolPak et Seresco travaillent pour vous!<br \/>Trois marques reconnues\u00a0: une entit\u00e9 unique en son genre, plus forte et mieux outill\u00e9e pour r\u00e9pondre \u00e0 vos besoins. Solutions d\u2019air d\u00e9shumidifi\u00e9 est la seule entreprise ayant l\u2019envergure et l\u2019expertise n\u00e9cessaires pour offrir et exploiter des syst\u00e8mes de d\u00e9shumidification \u00e0 la fine pointe et sans tracas pour votre piscine int\u00e9rieure.<\/p><h2>Notre engagement vis-\u00e0-vis de la qualit\u00e9<\/h2><p>Afin de d\u00e9passer constamment les attentes des clients et de fournir des produits et des technologies de pointe, Solution d\u2019AIR d\u00e9shumidifi\u00e9 se consacre \u00e0 l\u2019am\u00e9lioration constante et sans fin de ses produits, processus et services. En tant qu\u2019\u00e9tape importante pour d\u00e9montrer cette mission, Solution d\u2019AIR d\u00e9shumidifi\u00e9 s\u2019est engag\u00e9e \u00e0 respecter la norme de qualit\u00e9 ISO 9001 et \u00e0 cr\u00e9er une culture d\u2019am\u00e9lioration continue.<\/p><div class=\"pb-3\">\u00a0<\/div><p><a href=\"https:\/\/dehumidifiedairsolutions.com\/wp-content\/uploads\/2020\/07\/das_policywriteup_fr.png\" data-lity=\"\" data-lity-target=\"https:\/\/dehumidifiedairsolutions.com\/wp-content\/uploads\/2020\/07\/das_policywriteup_fr.png\"><img fetchpriority=\"high\" decoding=\"async\" class=\"alignnone wp-image-1551 shadowed\" src=\"https:\/\/dehumidifiedairsolutions.com\/wp-content\/uploads\/2020\/07\/das_policywriteup_fr.png\" alt=\"\" width=\"200\" height=\"259\" srcset=\"https:\/\/dehumidifiedairsolutions.com\/wp-content\/uploads\/2020\/07\/das_policywriteup_fr.png 2550w, https:\/\/dehumidifiedairsolutions.com\/wp-content\/uploads\/2020\/07\/das_policywriteup_fr-232x300.png 232w, https:\/\/dehumidifiedairsolutions.com\/wp-content\/uploads\/2020\/07\/das_policywriteup_fr-791x1024.png 791w, https:\/\/dehumidifiedairsolutions.com\/wp-content\/uploads\/2020\/07\/das_policywriteup_fr-768x994.png 768w, https:\/\/dehumidifiedairsolutions.com\/wp-content\/uploads\/2020\/07\/das_policywriteup_fr-1187x1536.png 1187w, https:\/\/dehumidifiedairsolutions.com\/wp-content\/uploads\/2020\/07\/das_policywriteup_fr-1583x2048.png 1583w, https:\/\/dehumidifiedairsolutions.com\/wp-content\/uploads\/2020\/07\/das_policywriteup_fr-180x233.png 180w\" sizes=\"(max-width: 200px) 100vw, 200px\" \/><\/a><\/p>\t\t\t\t\t\t\t\t<\/div>\n\t\t\t\t<\/div>\n\t\t\t\t<section class=\"elementor-section elementor-inner-section elementor-element elementor-element-896caef elementor-section-content-middle elementor-section-boxed elementor-section-height-default elementor-section-height-default\" data-id=\"896caef\" data-element_type=\"section\" data-e-type=\"section\">\n\t\t\t\t\t\t<div class=\"elementor-container elementor-column-gap-wide\">\n\t\t\t\t\t<div class=\"elementor-column elementor-col-16 elementor-inner-column elementor-element elementor-element-014a03b\" data-id=\"014a03b\" data-element_type=\"column\" data-e-type=\"column\">\n\t\t\t<div class=\"elementor-widget-wrap elementor-element-populated\">\n\t\t\t\t\t\t<div class=\"elementor-element elementor-element-e243a53 elementor-widget elementor-widget-image\" data-id=\"e243a53\" data-element_type=\"widget\" data-e-type=\"widget\" data-widget_type=\"image.default\">\n\t\t\t\t<div class=\"elementor-widget-container\">\n\t\t\t\t\t\t\t\t\t\t\t\t\t\t\t\t<a href=\"https:\/\/dehumidifiedairsolutions.com\/fr\/nos-marques\/dectron\/\">\n\t\t\t\t\t\t\t<img decoding=\"async\" width=\"460\" height=\"216\" src=\"https:\/\/dehumidifiedairsolutions.com\/wp-content\/uploads\/2019\/10\/dectron-logo.png\" class=\"attachment-full size-full wp-image-669\" alt=\"\" srcset=\"https:\/\/dehumidifiedairsolutions.com\/wp-content\/uploads\/2019\/10\/dectron-logo.png 460w, https:\/\/dehumidifiedairsolutions.com\/wp-content\/uploads\/2019\/10\/dectron-logo-300x141.png 300w\" sizes=\"(max-width: 460px) 100vw, 460px\" \/>\t\t\t\t\t\t\t\t<\/a>\n\t\t\t\t\t\t\t\t\t\t\t\t\t\t\t<\/div>\n\t\t\t\t<\/div>\n\t\t\t\t\t<\/div>\n\t\t<\/div>\n\t\t\t\t<div class=\"elementor-column elementor-col-16 elementor-inner-column elementor-element elementor-element-57fcf68\" data-id=\"57fcf68\" data-element_type=\"column\" data-e-type=\"column\">\n\t\t\t<div class=\"elementor-widget-wrap elementor-element-populated\">\n\t\t\t\t\t\t<div class=\"elementor-element elementor-element-242b474 elementor-widget elementor-widget-image\" data-id=\"242b474\" data-element_type=\"widget\" data-e-type=\"widget\" data-widget_type=\"image.default\">\n\t\t\t\t<div class=\"elementor-widget-container\">\n\t\t\t\t\t\t\t\t\t\t\t\t\t\t\t\t<a href=\"https:\/\/dehumidifiedairsolutions.com\/fr\/nos-marques\/poolpak\/\">\n\t\t\t\t\t\t\t<img decoding=\"async\" src=\"https:\/\/dehumidifiedairsolutions.com\/wp-content\/uploads\/elementor\/thumbs\/ppkn-logo-rifgcyypqoxudo9dcxzeib9yrehwujigkovsylmvfm.png\" title=\"ppkn-logo\" alt=\"ppkn-logo\" loading=\"lazy\" \/>\t\t\t\t\t\t\t\t<\/a>\n\t\t\t\t\t\t\t\t\t\t\t\t\t\t\t<\/div>\n\t\t\t\t<\/div>\n\t\t\t\t\t<\/div>\n\t\t<\/div>\n\t\t\t\t<div class=\"elementor-column elementor-col-16 elementor-inner-column elementor-element elementor-element-841b290\" data-id=\"841b290\" data-element_type=\"column\" data-e-type=\"column\">\n\t\t\t<div class=\"elementor-widget-wrap elementor-element-populated\">\n\t\t\t\t\t\t<div class=\"elementor-element elementor-element-6f0273e elementor-widget elementor-widget-image\" data-id=\"6f0273e\" data-element_type=\"widget\" data-e-type=\"widget\" data-widget_type=\"image.default\">\n\t\t\t\t<div class=\"elementor-widget-container\">\n\t\t\t\t\t\t\t\t\t\t\t\t\t\t\t\t<a href=\"https:\/\/dehumidifiedairsolutions.com\/fr\/nos-marques\/seresco\/\">\n\t\t\t\t\t\t\t<img decoding=\"async\" src=\"https:\/\/dehumidifiedairsolutions.com\/wp-content\/uploads\/elementor\/thumbs\/sern-logo-1-rifgesrf13fwydlsoqfacuo8cdhltcro5qjsjyxbc2.png\" title=\"sern-logo-1\" alt=\"sern-logo-1\" loading=\"lazy\" \/>\t\t\t\t\t\t\t\t<\/a>\n\t\t\t\t\t\t\t\t\t\t\t\t\t\t\t<\/div>\n\t\t\t\t<\/div>\n\t\t\t\t\t<\/div>\n\t\t<\/div>\n\t\t\t\t<div class=\"elementor-column elementor-col-16 elementor-inner-column elementor-element elementor-element-c1d14f9\" data-id=\"c1d14f9\" data-element_type=\"column\" data-e-type=\"column\">\n\t\t\t<div class=\"elementor-widget-wrap elementor-element-populated\">\n\t\t\t\t\t\t<div class=\"elementor-element elementor-element-7f0359a elementor-widget elementor-widget-image\" data-id=\"7f0359a\" data-element_type=\"widget\" data-e-type=\"widget\" data-widget_type=\"image.default\">\n\t\t\t\t<div class=\"elementor-widget-container\">\n\t\t\t\t\t\t\t\t\t\t\t\t\t\t\t\t<a href=\"https:\/\/dehumidifiedairsolutions.com\/fr\/nos-marques\/agronomiciq\/\">\n\t\t\t\t\t\t\t<img decoding=\"async\" src=\"https:\/\/dehumidifiedairsolutions.com\/wp-content\/uploads\/elementor\/thumbs\/agiq-brand-logo-qzmjohhn2z1k0xhpil33sgw2u4wxhvk0h17g70al5u.png\" title=\"agiq-brand-logo\" alt=\"agiq-brand-logo\" loading=\"lazy\" \/>\t\t\t\t\t\t\t\t<\/a>\n\t\t\t\t\t\t\t\t\t\t\t\t\t\t\t<\/div>\n\t\t\t\t<\/div>\n\t\t\t\t\t<\/div>\n\t\t<\/div>\n\t\t\t\t<div class=\"elementor-column elementor-col-16 elementor-inner-column elementor-element elementor-element-cc5bd01\" data-id=\"cc5bd01\" data-element_type=\"column\" data-e-type=\"column\">\n\t\t\t<div class=\"elementor-widget-wrap elementor-element-populated\">\n\t\t\t\t\t\t<div class=\"elementor-element elementor-element-312aae4 elementor-widget elementor-widget-image\" data-id=\"312aae4\" data-element_type=\"widget\" data-e-type=\"widget\" data-widget_type=\"image.default\">\n\t\t\t\t<div class=\"elementor-widget-container\">\n\t\t\t\t\t\t\t\t\t\t\t\t\t\t\t\t<a href=\"https:\/\/dehumidifiedairsolutions.com\/fr\/nos-marques\/aquadry\/\">\n\t\t\t\t\t\t\t<img decoding=\"async\" src=\"https:\/\/dehumidifiedairsolutions.com\/wp-content\/uploads\/elementor\/thumbs\/aquadry-logo-rif7kp7o6hzlx1nt5qfh1mfj73ctwuxtfanatwkn1e.png\" title=\"aquadry-logo\" alt=\"aquadry-logo\" loading=\"lazy\" \/>\t\t\t\t\t\t\t\t<\/a>\n\t\t\t\t\t\t\t\t\t\t\t\t\t\t\t<\/div>\n\t\t\t\t<\/div>\n\t\t\t\t\t<\/div>\n\t\t<\/div>\n\t\t\t\t<div class=\"elementor-column elementor-col-16 elementor-inner-column elementor-element elementor-element-cd2d84a\" data-id=\"cd2d84a\" data-element_type=\"column\" data-e-type=\"column\">\n\t\t\t<div class=\"elementor-widget-wrap elementor-element-populated\">\n\t\t\t\t\t\t<div class=\"elementor-element elementor-element-f138f68 elementor-widget elementor-widget-image\" data-id=\"f138f68\" data-element_type=\"widget\" data-e-type=\"widget\" data-widget_type=\"image.default\">\n\t\t\t\t<div class=\"elementor-widget-container\">\n\t\t\t\t\t\t\t\t\t\t\t\t\t\t\t\t<a href=\"https:\/\/dehumidifiedairsolutions.com\/fr\/nos-marques\/services-air-deshumidifie\/\">\n\t\t\t\t\t\t\t<img decoding=\"async\" src=\"https:\/\/dehumidifiedairsolutions.com\/wp-content\/uploads\/elementor\/thumbs\/dasv-logo-fr-rifglyb71p8hbj7owtr2c1oj3y86ef64h5au1sbfz6.png\" title=\"dasv-logo-fr\" alt=\"dasv-logo-fr\" loading=\"lazy\" \/>\t\t\t\t\t\t\t\t<\/a>\n\t\t\t\t\t\t\t\t\t\t\t\t\t\t\t<\/div>\n\t\t\t\t<\/div>\n\t\t\t\t\t<\/div>\n\t\t<\/div>\n\t\t\t\t\t<\/div>\n\t\t<\/section>\n\t\t\t\t\t<\/div>\n\t\t<\/div>\n\t\t\t\t\t<\/div>\n\t\t<\/section>\n\t\t\t\t<\/div>\n\t\t","protected":false},"excerpt":{"rendered":"<p>Notre histoire Si vous \u00eates propri\u00e9taire, concepteur ou sp\u00e9cificateur d\u2019\u00e9quipement de piscine int\u00e9rieure, vous savez \u00e0 quel point il est difficile d\u2019en ajuster l\u2019air environnant. Et le fait que ces projets soient plut\u00f4t rares, contrairement \u00e0 la conception de syst\u00e8mes CVC, ne nous facilite pas la t\u00e2che. Les difficult\u00e9s de l\u2019industrie Plusieurs facteurs complexes et &#8230; <a title=\"Notre histoire\" class=\"read-more\" href=\"https:\/\/dehumidifiedairsolutions.com\/fr\/notre-histoire\/\" aria-label=\"En savoir plus sur Notre histoire\">Lire plus<\/a><\/p>\n","protected":false},"author":3,"featured_media":701,"parent":0,"menu_order":0,"comment_status":"closed","ping_status":"closed","template":"","meta":{"_acf_changed":false,"inline_featured_image":false,"generate_page_header":"","footnotes":""},"class_list":["post-708","page","type-page","status-publish","has-post-thumbnail"],"acf":[],"_links":{"self":[{"href":"https:\/\/dehumidifiedairsolutions.com\/fr\/wp-json\/wp\/v2\/pages\/708","targetHints":{"allow":["GET"]}}],"collection":[{"href":"https:\/\/dehumidifiedairsolutions.com\/fr\/wp-json\/wp\/v2\/pages"}],"about":[{"href":"https:\/\/dehumidifiedairsolutions.com\/fr\/wp-json\/wp\/v2\/types\/page"}],"author":[{"embeddable":true,"href":"https:\/\/dehumidifiedairsolutions.com\/fr\/wp-json\/wp\/v2\/users\/3"}],"replies":[{"embeddable":true,"href":"https:\/\/dehumidifiedairsolutions.com\/fr\/wp-json\/wp\/v2\/comments?post=708"}],"version-history":[{"count":3,"href":"https:\/\/dehumidifiedairsolutions.com\/fr\/wp-json\/wp\/v2\/pages\/708\/revisions"}],"predecessor-version":[{"id":6164,"href":"https:\/\/dehumidifiedairsolutions.com\/fr\/wp-json\/wp\/v2\/pages\/708\/revisions\/6164"}],"wp:featuredmedia":[{"embeddable":true,"href":"https:\/\/dehumidifiedairsolutions.com\/fr\/wp-json\/wp\/v2\/media\/701"}],"wp:attachment":[{"href":"https:\/\/dehumidifiedairsolutions.com\/fr\/wp-json\/wp\/v2\/media?parent=708"}],"curies":[{"name":"wp","href":"https:\/\/api.w.org\/{rel}","templated":true}]}}