{"id":6043,"date":"2026-01-23T12:29:45","date_gmt":"2026-01-23T17:29:45","guid":{"rendered":"https:\/\/dehumidifiedairsolutions.com\/?page_id=6043"},"modified":"2026-01-30T13:29:35","modified_gmt":"2026-01-30T18:29:35","slug":"aquadry","status":"publish","type":"page","link":"https:\/\/dehumidifiedairsolutions.com\/fr\/nos-marques\/aquadry\/","title":{"rendered":"AquaDry"},"content":{"rendered":"\t\t<div data-elementor-type=\"wp-page\" data-elementor-id=\"6043\" class=\"elementor elementor-6043 elementor-6042\" data-elementor-post-type=\"page\">\n\t\t\t\t\t\t<section class=\"elementor-section elementor-top-section elementor-element elementor-element-d8a82f3 elementor-section-boxed elementor-section-height-default elementor-section-height-default\" data-id=\"d8a82f3\" data-element_type=\"section\" data-e-type=\"section\">\n\t\t\t\t\t\t<div class=\"elementor-container elementor-column-gap-default\">\n\t\t\t\t\t<div class=\"elementor-column elementor-col-100 elementor-top-column elementor-element elementor-element-05d7d99\" data-id=\"05d7d99\" data-element_type=\"column\" data-e-type=\"column\">\n\t\t\t<div class=\"elementor-widget-wrap elementor-element-populated\">\n\t\t\t\t\t\t<div class=\"elementor-element elementor-element-c90cc33 elementor-widget elementor-widget-image\" data-id=\"c90cc33\" data-element_type=\"widget\" data-e-type=\"widget\" data-widget_type=\"image.default\">\n\t\t\t\t<div class=\"elementor-widget-container\">\n\t\t\t\t\t\t\t\t\t\t\t\t\t\t\t<img fetchpriority=\"high\" decoding=\"async\" width=\"1024\" height=\"274\" src=\"https:\/\/dehumidifiedairsolutions.com\/wp-content\/uploads\/2026\/01\/aquadry-logo-transparent-1024x274.png\" class=\"attachment-large size-large wp-image-6045\" alt=\"\" srcset=\"https:\/\/dehumidifiedairsolutions.com\/wp-content\/uploads\/2026\/01\/aquadry-logo-transparent-1024x274.png 1024w, https:\/\/dehumidifiedairsolutions.com\/wp-content\/uploads\/2026\/01\/aquadry-logo-transparent-300x80.png 300w, https:\/\/dehumidifiedairsolutions.com\/wp-content\/uploads\/2026\/01\/aquadry-logo-transparent-768x205.png 768w, https:\/\/dehumidifiedairsolutions.com\/wp-content\/uploads\/2026\/01\/aquadry-logo-transparent-1536x411.png 1536w, https:\/\/dehumidifiedairsolutions.com\/wp-content\/uploads\/2026\/01\/aquadry-logo-transparent-2048x548.png 2048w, https:\/\/dehumidifiedairsolutions.com\/wp-content\/uploads\/2026\/01\/aquadry-logo-transparent-180x48.png 180w\" sizes=\"(max-width: 1024px) 100vw, 1024px\" \/>\t\t\t\t\t\t\t\t\t\t\t\t\t\t\t<\/div>\n\t\t\t\t<\/div>\n\t\t\t\t<div class=\"elementor-element elementor-element-69b7dec elementor-widget elementor-widget-heading\" data-id=\"69b7dec\" data-element_type=\"widget\" data-e-type=\"widget\" data-widget_type=\"heading.default\">\n\t\t\t\t<div class=\"elementor-widget-container\">\n\t\t\t\t\t<h2 class=\"elementor-heading-title elementor-size-default\">D\u00e9shumidificateurs sp\u00e9cialement con\u00e7us et \u00e9conomiques<\/h2>\t\t\t\t<\/div>\n\t\t\t\t<\/div>\n\t\t\t\t<div class=\"elementor-element elementor-element-2213547 elementor-widget elementor-widget-text-editor\" data-id=\"2213547\" data-element_type=\"widget\" data-e-type=\"widget\" data-widget_type=\"text-editor.default\">\n\t\t\t\t<div class=\"elementor-widget-container\">\n\t\t\t\t\t\t\t\t\t<p>Les d\u00e9shumidificateurs AquaDry sont des unit\u00e9s compactes et \u00e9conomiques, sp\u00e9cialement con\u00e7ues pour r\u00e9sister aux environnements difficiles et corrosifs des piscines dans une large gamme d\u2019applications r\u00e9sidentielles et commerciales.<\/p>\t\t\t\t\t\t\t\t<\/div>\n\t\t\t\t<\/div>\n\t\t\t\t<div class=\"elementor-element elementor-element-a661c21 elementor-widget elementor-widget-image\" data-id=\"a661c21\" data-element_type=\"widget\" data-e-type=\"widget\" data-widget_type=\"image.default\">\n\t\t\t\t<div class=\"elementor-widget-container\">\n\t\t\t\t\t\t\t\t\t\t\t\t\t\t\t<img decoding=\"async\" width=\"1024\" height=\"327\" src=\"https:\/\/dehumidifiedairsolutions.com\/wp-content\/uploads\/2026\/01\/capture-decran-2026-01-15-140714-1024x327.png\" class=\"attachment-large size-large wp-image-6068\" alt=\"\" srcset=\"https:\/\/dehumidifiedairsolutions.com\/wp-content\/uploads\/2026\/01\/capture-decran-2026-01-15-140714-1024x327.png 1024w, https:\/\/dehumidifiedairsolutions.com\/wp-content\/uploads\/2026\/01\/capture-decran-2026-01-15-140714-300x96.png 300w, https:\/\/dehumidifiedairsolutions.com\/wp-content\/uploads\/2026\/01\/capture-decran-2026-01-15-140714-768x245.png 768w, https:\/\/dehumidifiedairsolutions.com\/wp-content\/uploads\/2026\/01\/capture-decran-2026-01-15-140714-180x58.png 180w, https:\/\/dehumidifiedairsolutions.com\/wp-content\/uploads\/2026\/01\/capture-decran-2026-01-15-140714.png 1389w\" sizes=\"(max-width: 1024px) 100vw, 1024px\" \/>\t\t\t\t\t\t\t\t\t\t\t\t\t\t\t<\/div>\n\t\t\t\t<\/div>\n\t\t\t\t<div class=\"elementor-element elementor-element-cad8803 elementor-widget elementor-widget-heading\" data-id=\"cad8803\" data-element_type=\"widget\" data-e-type=\"widget\" data-widget_type=\"heading.default\">\n\t\t\t\t<div class=\"elementor-widget-container\">\n\t\t\t\t\t<h2 class=\"elementor-heading-title elementor-size-default\">Applications appropri\u00e9es<\/h2>\t\t\t\t<\/div>\n\t\t\t\t<\/div>\n\t\t\t\t<div class=\"elementor-element elementor-element-2335302 elementor--h-position-center elementor--v-position-middle elementor-arrows-position-inside elementor-pagination-position-inside elementor-widget elementor-widget-slides\" data-id=\"2335302\" data-element_type=\"widget\" data-e-type=\"widget\" data-settings=\"{&quot;navigation&quot;:&quot;both&quot;,&quot;autoplay&quot;:&quot;yes&quot;,&quot;pause_on_hover&quot;:&quot;yes&quot;,&quot;pause_on_interaction&quot;:&quot;yes&quot;,&quot;autoplay_speed&quot;:5000,&quot;infinite&quot;:&quot;yes&quot;,&quot;transition&quot;:&quot;slide&quot;,&quot;transition_speed&quot;:500}\" data-widget_type=\"slides.default\">\n\t\t\t\t<div class=\"elementor-widget-container\">\n\t\t\t\t\t\t\t\t\t<div class=\"elementor-swiper\">\n\t\t\t\t\t<div class=\"elementor-slides-wrapper elementor-main-swiper swiper\" role=\"region\" aria-roledescription=\"carousel\" aria-label=\"Slides\" dir=\"ltr\" data-animation=\"fadeInUp\">\n\t\t\t\t<div class=\"swiper-wrapper elementor-slides\">\n\t\t\t\t\t\t\t\t\t\t<div class=\"elementor-repeater-item-313d1df swiper-slide\" role=\"group\" aria-roledescription=\"slide\"><div class=\"swiper-slide-bg\"><\/div><div class=\"swiper-slide-inner\" ><div class=\"swiper-slide-contents\"><div class=\"elementor-slide-heading\">Piscines r\u00e9sidentielles<\/div><div class=\"elementor-slide-description\">Piscines int\u00e9rieures dans les \nimmeubles en copropri\u00e9t\u00e9, les \nr\u00e9sidences priv\u00e9es, les centres \npour personnes \u00e2g\u00e9es, etc.<\/div><\/div><\/div><\/div><div class=\"elementor-repeater-item-eaff6d9 swiper-slide\" role=\"group\" aria-roledescription=\"slide\"><div class=\"swiper-slide-bg\"><\/div><div class=\"swiper-slide-inner\" ><div class=\"swiper-slide-contents\"><div class=\"elementor-slide-heading\">Piscines d'h\u00f4tel<\/div><div class=\"elementor-slide-description\">Piscines int\u00e9rieures dans \nles h\u00f4tels, motels, spas, \netc.<\/div><\/div><\/div><\/div><div class=\"elementor-repeater-item-e2e3cd9 swiper-slide\" role=\"group\" aria-roledescription=\"slide\"><div class=\"swiper-slide-bg\"><\/div><div class=\"swiper-slide-inner\" ><div class=\"swiper-slide-contents\"><div class=\"elementor-slide-heading\">Point de ros\u00e9e bas<\/div><div class=\"elementor-slide-description\">Entrep\u00f4ts, centres de \ntraitement de l\u2019eau, terrains \nde pickleball, biblioth\u00e8ques, \ncasernes de pompiers, salles \nde stockage, etc.<\/div><\/div><\/div><\/div>\t\t\t\t<\/div>\n\t\t\t\t\t\t\t\t\t\t\t\t\t\t\t<div class=\"elementor-swiper-button elementor-swiper-button-prev\" role=\"button\" tabindex=\"0\" aria-label=\"Diapositive pr\u00e9c\u00e9dente\">\n\t\t\t\t\t\t\t<i aria-hidden=\"true\" class=\"eicon-chevron-left\"><\/i>\t\t\t\t\t\t<\/div>\n\t\t\t\t\t\t<div class=\"elementor-swiper-button elementor-swiper-button-next\" role=\"button\" tabindex=\"0\" aria-label=\"Diapositive suivante\">\n\t\t\t\t\t\t\t<i aria-hidden=\"true\" class=\"eicon-chevron-right\"><\/i>\t\t\t\t\t\t<\/div>\n\t\t\t\t\t\t\t\t\t\t\t\t\t\t\t\t<div class=\"swiper-pagination\"><\/div>\n\t\t\t\t\t\t\t\t\t\t\t\t<\/div>\n\t\t\t\t<\/div>\n\t\t\t\t\t\t\t\t<\/div>\n\t\t\t\t<\/div>\n\t\t\t\t<div class=\"elementor-element elementor-element-4226d2c elementor-widget elementor-widget-heading\" data-id=\"4226d2c\" data-element_type=\"widget\" data-e-type=\"widget\" data-widget_type=\"heading.default\">\n\t\t\t\t<div class=\"elementor-widget-container\">\n\t\t\t\t\t<h2 class=\"elementor-heading-title elementor-size-default\">Caract\u00e9ristiques<\/h2>\t\t\t\t<\/div>\n\t\t\t\t<\/div>\n\t\t\t\t<div class=\"elementor-element elementor-element-952839e elementor-widget elementor-widget-text-editor\" data-id=\"952839e\" data-element_type=\"widget\" data-e-type=\"widget\" data-widget_type=\"text-editor.default\">\n\t\t\t\t<div class=\"elementor-widget-container\">\n\t\t\t\t\t\t\t\t\t<p>\u2022 Option climatisation avec r\u00e9chauffage complet ou climatisation compl\u00e8te<br \/>\u2022 Chauffage : contr\u00f4le \u00e0 2 niveaux (chauffage par tiers)<br \/>\u2022 Air ext\u00e9rieur \u00e0 acheminer dans l\u2019air de retour<br \/>\u2022 Thermostat\/hygrostat mural<br \/>\u2022 Construction galvanis\u00e9e peinte, circuits de r\u00e9frig\u00e9ration enti\u00e8rement rev\u00eatus<br \/>\u2022 Compresseur \u00e0 deux niveaux<br \/>\u2022 Valve d\u2019expansion \u00e9lectronique<br \/>\u2022 Construction \u00e0 une seule paroi<br \/>\u2022 Voltage:<br \/>\u00a0 \u00a0 \u00a0 \u2013 3 Tonne 230\/1<br \/>\u00a0 \u00a0 \u00a0 \u2013 5 Tonne 230\/1 ou 208\/3<br \/>\u00a0 \u00a0 \u00a0 \u2013 7 Tonne 208\/3<\/p>\t\t\t\t\t\t\t\t<\/div>\n\t\t\t\t<\/div>\n\t\t\t\t<div class=\"elementor-element elementor-element-34cca06 elementor-widget elementor-widget-button\" data-id=\"34cca06\" data-element_type=\"widget\" data-e-type=\"widget\" data-widget_type=\"button.default\">\n\t\t\t\t<div class=\"elementor-widget-container\">\n\t\t\t\t\t\t\t\t\t<div class=\"elementor-button-wrapper\">\n\t\t\t\t\t<a class=\"elementor-button elementor-button-link elementor-size-sm\" href=\"#\">\n\t\t\t\t\t\t<span class=\"elementor-button-content-wrapper\">\n\t\t\t\t\t\t\t\t\t<span class=\"elementor-button-text\">T\u00e9l\u00e9charger le PDF<\/span>\n\t\t\t\t\t<\/span>\n\t\t\t\t\t<\/a>\n\t\t\t\t<\/div>\n\t\t\t\t\t\t\t\t<\/div>\n\t\t\t\t<\/div>\n\t\t\t\t\t<\/div>\n\t\t<\/div>\n\t\t\t\t\t<\/div>\n\t\t<\/section>\n\t\t\t\t<section class=\"elementor-section elementor-top-section elementor-element elementor-element-ad2d100 elementor-section-boxed elementor-section-height-default elementor-section-height-default\" data-id=\"ad2d100\" data-element_type=\"section\" data-e-type=\"section\">\n\t\t\t\t\t\t<div class=\"elementor-container elementor-column-gap-default\">\n\t\t\t\t\t<div class=\"elementor-column elementor-col-100 elementor-top-column elementor-element elementor-element-4293605\" data-id=\"4293605\" data-element_type=\"column\" data-e-type=\"column\">\n\t\t\t<div class=\"elementor-widget-wrap elementor-element-populated\">\n\t\t\t\t\t\t<section class=\"elementor-section elementor-inner-section elementor-element elementor-element-827aa5b elementor-section-content-middle elementor-section-boxed elementor-section-height-default elementor-section-height-default\" data-id=\"827aa5b\" data-element_type=\"section\" data-e-type=\"section\">\n\t\t\t\t\t\t<div class=\"elementor-container elementor-column-gap-wide\">\n\t\t\t\t\t<div class=\"elementor-column elementor-col-16 elementor-inner-column elementor-element elementor-element-19788db\" data-id=\"19788db\" data-element_type=\"column\" data-e-type=\"column\">\n\t\t\t<div class=\"elementor-widget-wrap elementor-element-populated\">\n\t\t\t\t\t\t<div class=\"elementor-element elementor-element-d02c839 elementor-widget elementor-widget-image\" data-id=\"d02c839\" data-element_type=\"widget\" data-e-type=\"widget\" data-widget_type=\"image.default\">\n\t\t\t\t<div class=\"elementor-widget-container\">\n\t\t\t\t\t\t\t\t\t\t\t\t\t\t\t\t<a href=\"https:\/\/dehumidifiedairsolutions.com\/fr\/nos-marques\/dectron\/\">\n\t\t\t\t\t\t\t<img decoding=\"async\" width=\"460\" height=\"216\" src=\"https:\/\/dehumidifiedairsolutions.com\/wp-content\/uploads\/2019\/10\/dectron-logo.png\" class=\"attachment-full size-full wp-image-669\" alt=\"\" srcset=\"https:\/\/dehumidifiedairsolutions.com\/wp-content\/uploads\/2019\/10\/dectron-logo.png 460w, https:\/\/dehumidifiedairsolutions.com\/wp-content\/uploads\/2019\/10\/dectron-logo-300x141.png 300w\" sizes=\"(max-width: 460px) 100vw, 460px\" \/>\t\t\t\t\t\t\t\t<\/a>\n\t\t\t\t\t\t\t\t\t\t\t\t\t\t\t<\/div>\n\t\t\t\t<\/div>\n\t\t\t\t\t<\/div>\n\t\t<\/div>\n\t\t\t\t<div class=\"elementor-column elementor-col-16 elementor-inner-column elementor-element elementor-element-e2f1786\" data-id=\"e2f1786\" data-element_type=\"column\" data-e-type=\"column\">\n\t\t\t<div class=\"elementor-widget-wrap elementor-element-populated\">\n\t\t\t\t\t\t<div class=\"elementor-element elementor-element-cf117b8 elementor-widget elementor-widget-image\" data-id=\"cf117b8\" data-element_type=\"widget\" data-e-type=\"widget\" data-widget_type=\"image.default\">\n\t\t\t\t<div class=\"elementor-widget-container\">\n\t\t\t\t\t\t\t\t\t\t\t\t\t\t\t\t<a href=\"https:\/\/dehumidifiedairsolutions.com\/fr\/nos-marques\/poolpak\/\">\n\t\t\t\t\t\t\t<img decoding=\"async\" src=\"https:\/\/dehumidifiedairsolutions.com\/wp-content\/uploads\/elementor\/thumbs\/ppkn-logo-rifgcyypqoxudo9dcxzeib9yrehwujigkovsylmvfm.png\" title=\"ppkn-logo\" alt=\"ppkn-logo\" loading=\"lazy\" \/>\t\t\t\t\t\t\t\t<\/a>\n\t\t\t\t\t\t\t\t\t\t\t\t\t\t\t<\/div>\n\t\t\t\t<\/div>\n\t\t\t\t\t<\/div>\n\t\t<\/div>\n\t\t\t\t<div class=\"elementor-column elementor-col-16 elementor-inner-column elementor-element elementor-element-935e42a\" data-id=\"935e42a\" data-element_type=\"column\" data-e-type=\"column\">\n\t\t\t<div class=\"elementor-widget-wrap elementor-element-populated\">\n\t\t\t\t\t\t<div class=\"elementor-element elementor-element-bbff73e elementor-widget elementor-widget-image\" data-id=\"bbff73e\" data-element_type=\"widget\" data-e-type=\"widget\" data-widget_type=\"image.default\">\n\t\t\t\t<div class=\"elementor-widget-container\">\n\t\t\t\t\t\t\t\t\t\t\t\t\t\t\t\t<a href=\"https:\/\/dehumidifiedairsolutions.com\/fr\/nos-marques\/seresco\/\">\n\t\t\t\t\t\t\t<img decoding=\"async\" src=\"https:\/\/dehumidifiedairsolutions.com\/wp-content\/uploads\/elementor\/thumbs\/sern-logo-1-rifgesrf13fwydlsoqfacuo8cdhltcro5qjsjyxbc2.png\" title=\"sern-logo-1\" alt=\"sern-logo-1\" loading=\"lazy\" \/>\t\t\t\t\t\t\t\t<\/a>\n\t\t\t\t\t\t\t\t\t\t\t\t\t\t\t<\/div>\n\t\t\t\t<\/div>\n\t\t\t\t\t<\/div>\n\t\t<\/div>\n\t\t\t\t<div class=\"elementor-column elementor-col-16 elementor-inner-column elementor-element elementor-element-d0402fb\" data-id=\"d0402fb\" data-element_type=\"column\" data-e-type=\"column\">\n\t\t\t<div class=\"elementor-widget-wrap elementor-element-populated\">\n\t\t\t\t\t\t<div class=\"elementor-element elementor-element-bcb1176 elementor-widget elementor-widget-image\" data-id=\"bcb1176\" data-element_type=\"widget\" data-e-type=\"widget\" data-widget_type=\"image.default\">\n\t\t\t\t<div class=\"elementor-widget-container\">\n\t\t\t\t\t\t\t\t\t\t\t\t\t\t\t\t<a href=\"https:\/\/dehumidifiedairsolutions.com\/fr\/nos-marques\/agronomiciq\/\">\n\t\t\t\t\t\t\t<img decoding=\"async\" src=\"https:\/\/dehumidifiedairsolutions.com\/wp-content\/uploads\/elementor\/thumbs\/agiq-brand-logo-qzmjohhn2z1k0xhpil33sgw2u4wxhvk0h17g70al5u.png\" title=\"agiq-brand-logo\" alt=\"agiq-brand-logo\" loading=\"lazy\" \/>\t\t\t\t\t\t\t\t<\/a>\n\t\t\t\t\t\t\t\t\t\t\t\t\t\t\t<\/div>\n\t\t\t\t<\/div>\n\t\t\t\t\t<\/div>\n\t\t<\/div>\n\t\t\t\t<div class=\"elementor-column elementor-col-16 elementor-inner-column elementor-element elementor-element-c64ede5\" data-id=\"c64ede5\" data-element_type=\"column\" data-e-type=\"column\">\n\t\t\t<div class=\"elementor-widget-wrap elementor-element-populated\">\n\t\t\t\t\t\t<div class=\"elementor-element elementor-element-37a42e6 elementor-widget elementor-widget-image\" data-id=\"37a42e6\" data-element_type=\"widget\" data-e-type=\"widget\" data-widget_type=\"image.default\">\n\t\t\t\t<div class=\"elementor-widget-container\">\n\t\t\t\t\t\t\t\t\t\t\t\t\t\t\t\t<a href=\"https:\/\/dehumidifiedairsolutions.com\/fr\/nos-marques\/aquadry\/\">\n\t\t\t\t\t\t\t<img decoding=\"async\" src=\"https:\/\/dehumidifiedairsolutions.com\/wp-content\/uploads\/elementor\/thumbs\/aquadry-logo-rif7kp7o6hzlx1nt5qfh1mfj73ctwuxtfanatwkn1e.png\" title=\"aquadry-logo\" alt=\"aquadry-logo\" loading=\"lazy\" \/>\t\t\t\t\t\t\t\t<\/a>\n\t\t\t\t\t\t\t\t\t\t\t\t\t\t\t<\/div>\n\t\t\t\t<\/div>\n\t\t\t\t\t<\/div>\n\t\t<\/div>\n\t\t\t\t<div class=\"elementor-column elementor-col-16 elementor-inner-column elementor-element elementor-element-6147e32\" data-id=\"6147e32\" data-element_type=\"column\" data-e-type=\"column\">\n\t\t\t<div class=\"elementor-widget-wrap elementor-element-populated\">\n\t\t\t\t\t\t<div class=\"elementor-element elementor-element-bce776d elementor-widget elementor-widget-image\" data-id=\"bce776d\" data-element_type=\"widget\" data-e-type=\"widget\" data-widget_type=\"image.default\">\n\t\t\t\t<div class=\"elementor-widget-container\">\n\t\t\t\t\t\t\t\t\t\t\t\t\t\t\t\t<a href=\"https:\/\/dehumidifiedairsolutions.com\/fr\/nos-marques\/services-air-deshumidifie\/\">\n\t\t\t\t\t\t\t<img decoding=\"async\" src=\"https:\/\/dehumidifiedairsolutions.com\/wp-content\/uploads\/elementor\/thumbs\/dasv-logo-fr-rifglyb71p8hbj7owtr2c1oj3y86ef64h5au1sbfz6.png\" title=\"dasv-logo-fr\" alt=\"dasv-logo-fr\" loading=\"lazy\" \/>\t\t\t\t\t\t\t\t<\/a>\n\t\t\t\t\t\t\t\t\t\t\t\t\t\t\t<\/div>\n\t\t\t\t<\/div>\n\t\t\t\t\t<\/div>\n\t\t<\/div>\n\t\t\t\t\t<\/div>\n\t\t<\/section>\n\t\t\t\t\t<\/div>\n\t\t<\/div>\n\t\t\t\t\t<\/div>\n\t\t<\/section>\n\t\t\t\t<\/div>\n\t\t","protected":false},"excerpt":{"rendered":"<p>D\u00e9shumidificateurs sp\u00e9cialement con\u00e7us et \u00e9conomiques Les d\u00e9shumidificateurs AquaDry sont des unit\u00e9s compactes et \u00e9conomiques, sp\u00e9cialement con\u00e7ues pour r\u00e9sister aux environnements difficiles et corrosifs des piscines dans une large gamme d\u2019applications r\u00e9sidentielles et commerciales. Applications appropri\u00e9es Piscines r\u00e9sidentiellesPiscines int\u00e9rieures dans les immeubles en copropri\u00e9t\u00e9, les r\u00e9sidences priv\u00e9es, les centres pour personnes \u00e2g\u00e9es, etc.Piscines d&rsquo;h\u00f4telPiscines int\u00e9rieures dans &#8230; <a title=\"AquaDry\" class=\"read-more\" href=\"https:\/\/dehumidifiedairsolutions.com\/fr\/nos-marques\/aquadry\/\" aria-label=\"En savoir plus sur AquaDry\">Lire plus<\/a><\/p>\n","protected":false},"author":3,"featured_media":0,"parent":720,"menu_order":0,"comment_status":"closed","ping_status":"closed","template":"","meta":{"_acf_changed":false,"inline_featured_image":false,"generate_page_header":"","footnotes":""},"class_list":["post-6043","page","type-page","status-publish"],"acf":[],"_links":{"self":[{"href":"https:\/\/dehumidifiedairsolutions.com\/fr\/wp-json\/wp\/v2\/pages\/6043","targetHints":{"allow":["GET"]}}],"collection":[{"href":"https:\/\/dehumidifiedairsolutions.com\/fr\/wp-json\/wp\/v2\/pages"}],"about":[{"href":"https:\/\/dehumidifiedairsolutions.com\/fr\/wp-json\/wp\/v2\/types\/page"}],"author":[{"embeddable":true,"href":"https:\/\/dehumidifiedairsolutions.com\/fr\/wp-json\/wp\/v2\/users\/3"}],"replies":[{"embeddable":true,"href":"https:\/\/dehumidifiedairsolutions.com\/fr\/wp-json\/wp\/v2\/comments?post=6043"}],"version-history":[{"count":3,"href":"https:\/\/dehumidifiedairsolutions.com\/fr\/wp-json\/wp\/v2\/pages\/6043\/revisions"}],"predecessor-version":[{"id":6176,"href":"https:\/\/dehumidifiedairsolutions.com\/fr\/wp-json\/wp\/v2\/pages\/6043\/revisions\/6176"}],"up":[{"embeddable":true,"href":"https:\/\/dehumidifiedairsolutions.com\/fr\/wp-json\/wp\/v2\/pages\/720"}],"wp:attachment":[{"href":"https:\/\/dehumidifiedairsolutions.com\/fr\/wp-json\/wp\/v2\/media?parent=6043"}],"curies":[{"name":"wp","href":"https:\/\/api.w.org\/{rel}","templated":true}]}}