{"id":599,"date":"2019-09-05T20:04:33","date_gmt":"2019-09-06T00:04:33","guid":{"rendered":"https:\/\/dehumidifiedairsolutions.com\/?page_id=599"},"modified":"2020-03-31T14:41:39","modified_gmt":"2020-03-31T18:41:39","slug":"clients-nationaux","status":"publish","type":"page","link":"https:\/\/dehumidifiedairsolutions.com\/fr\/clients-nationaux\/","title":{"rendered":"Clients nationaux"},"content":{"rendered":"<h1 class=\"entry-title pb-4\">Programme des clients nationaux<\/h1>\n<p>Vous avez des installations un peu partout au pays? Notre Division des clients nationaux est l\u00e0 pour vous! Profitez de notre programme complet d\u2019\u00e9quipement de d\u00e9shumidification et du meilleur soutien apr\u00e8s-vente de sa cat\u00e9gorie.<\/p>\n<ul class=\"styled\">\n<li>H\u00f4tels<\/li>\n<li>Installations sportives<\/li>\n<li>\u00c9coles de natation<\/li>\n<\/ul>\n<p>Coordonner diff\u00e9rents fournisseurs, g\u00e9rer l\u2019\u00e9quipement et planifier l\u2019entretien de plusieurs piscines sont des t\u00e2ches tr\u00e8s complexes.<\/p>\n<p>Vous pouvez compter sur l\u2019\u00e9quipe de notre Division des clients nationaux pour simplifier vos t\u00e2ches li\u00e9es \u00e0 la d\u00e9shumidification de vos piscines int\u00e9rieures. Elle saura vous offrir un service et des produits d\u2019une qualit\u00e9 in\u00e9gal\u00e9e gr\u00e2ce \u00e0 la combinaison des marques les plus respect\u00e9es de l\u2019industrie, soit <a href=\"https:\/\/dectron.com\/\">Dectron<\/a>, <a href=\"https:\/\/www.poolpak.com\/\">PoolPak<\/a> et <a href=\"https:\/\/serescodehumidifiers.com\/\">Seresco<\/a>.\u00a0<a href=\"https:\/\/dehumidifiedairsolutions.com\/fr\/notre-histoire\/\">En savoir plus sur nous<\/a>.<\/p>\n<ul>\n<li>Une personne-ressource charg\u00e9e de vous \u00e9pauler dans la gestion multisite de votre \u00e9quipement.<\/li>\n<li>Une \u00e9quipe qualifi\u00e9e, exp\u00e9riment\u00e9e et \u00e0 l\u2019\u00e9coute de vos besoins.<\/li>\n<li>Des tarifs n\u00e9goci\u00e9s \u00e0 l\u2019\u00e9chelle nationale pour l\u2019\u00e9quipement, les pi\u00e8ces et les forfaits de services.<\/li>\n<li>Des solutions compl\u00e8tes et cl\u00e9s en main, y compris des contrats de service nationaux.<\/li>\n<li>Un soutien au d\u00e9marrage offert par les fabricants et un r\u00e9seau national de sp\u00e9cialistes locaux en soutien technique.<\/li>\n<\/ul>\n<p>Solutions d\u2019air d\u00e9shumidifi\u00e9 est la seule entreprise nord-am\u00e9ricaine ayant l\u2019envergure et l\u2019expertise n\u00e9cessaires pour offrir de l\u2019\u00e9quipement de d\u00e9shumidification pour piscines sans tracas et un service \u00e0 la client\u00e8le in\u00e9gal\u00e9.<\/p>\n","protected":false},"excerpt":{"rendered":"<p>Programme des clients nationaux Vous avez des installations un peu partout au pays? Notre Division des clients nationaux est l\u00e0 pour vous! Profitez de notre programme complet d\u2019\u00e9quipement de d\u00e9shumidification et du meilleur soutien apr\u00e8s-vente de sa cat\u00e9gorie. H\u00f4tels Installations sportives \u00c9coles de natation Coordonner diff\u00e9rents fournisseurs, g\u00e9rer l\u2019\u00e9quipement et planifier l\u2019entretien de plusieurs piscines &#8230; <a title=\"Clients nationaux\" class=\"read-more\" href=\"https:\/\/dehumidifiedairsolutions.com\/fr\/clients-nationaux\/\" aria-label=\"En savoir plus sur Clients nationaux\">Lire plus<\/a><\/p>\n","protected":false},"author":3,"featured_media":0,"parent":0,"menu_order":0,"comment_status":"closed","ping_status":"closed","template":"ct-page.php","meta":{"_acf_changed":false,"inline_featured_image":false,"generate_page_header":"","footnotes":""},"class_list":["post-599","page","type-page","status-publish"],"acf":[],"_links":{"self":[{"href":"https:\/\/dehumidifiedairsolutions.com\/fr\/wp-json\/wp\/v2\/pages\/599","targetHints":{"allow":["GET"]}}],"collection":[{"href":"https:\/\/dehumidifiedairsolutions.com\/fr\/wp-json\/wp\/v2\/pages"}],"about":[{"href":"https:\/\/dehumidifiedairsolutions.com\/fr\/wp-json\/wp\/v2\/types\/page"}],"author":[{"embeddable":true,"href":"https:\/\/dehumidifiedairsolutions.com\/fr\/wp-json\/wp\/v2\/users\/3"}],"replies":[{"embeddable":true,"href":"https:\/\/dehumidifiedairsolutions.com\/fr\/wp-json\/wp\/v2\/comments?post=599"}],"version-history":[{"count":4,"href":"https:\/\/dehumidifiedairsolutions.com\/fr\/wp-json\/wp\/v2\/pages\/599\/revisions"}],"predecessor-version":[{"id":1217,"href":"https:\/\/dehumidifiedairsolutions.com\/fr\/wp-json\/wp\/v2\/pages\/599\/revisions\/1217"}],"wp:attachment":[{"href":"https:\/\/dehumidifiedairsolutions.com\/fr\/wp-json\/wp\/v2\/media?parent=599"}],"curies":[{"name":"wp","href":"https:\/\/api.w.org\/{rel}","templated":true}]}}