{"id":5408,"date":"2024-01-03T12:47:36","date_gmt":"2024-01-03T17:47:36","guid":{"rendered":"https:\/\/dehumidifiedairsolutions.com\/?page_id=5408"},"modified":"2026-01-30T13:28:22","modified_gmt":"2026-01-30T18:28:22","slug":"dectron","status":"publish","type":"page","link":"https:\/\/dehumidifiedairsolutions.com\/fr\/nos-marques\/dectron\/","title":{"rendered":"Dectron"},"content":{"rendered":"\t\t<div data-elementor-type=\"wp-page\" data-elementor-id=\"5408\" class=\"elementor elementor-5408 elementor-5407\" data-elementor-post-type=\"page\">\n\t\t\t\t\t\t<section class=\"elementor-section elementor-top-section elementor-element elementor-element-17da033d elementor-section-full_width elementor-section-content-middle elementor-section-stretched elementor-section-height-default elementor-section-height-default\" data-id=\"17da033d\" data-element_type=\"section\" data-e-type=\"section\" data-settings=\"{&quot;background_background&quot;:&quot;classic&quot;,&quot;stretch_section&quot;:&quot;section-stretched&quot;}\">\n\t\t\t\t\t\t<div class=\"elementor-container elementor-column-gap-no\">\n\t\t\t\t\t<div class=\"elementor-column elementor-col-100 elementor-top-column elementor-element elementor-element-6fdc836f\" data-id=\"6fdc836f\" data-element_type=\"column\" data-e-type=\"column\">\n\t\t\t<div class=\"elementor-widget-wrap elementor-element-populated\">\n\t\t\t\t\t\t<section class=\"elementor-section elementor-inner-section elementor-element elementor-element-af08a15 elementor-section-boxed elementor-section-height-default elementor-section-height-default\" data-id=\"af08a15\" data-element_type=\"section\" data-e-type=\"section\" data-settings=\"{&quot;background_background&quot;:&quot;classic&quot;}\">\n\t\t\t\t\t\t<div class=\"elementor-container elementor-column-gap-default\">\n\t\t\t\t\t<div class=\"elementor-column elementor-col-50 elementor-inner-column elementor-element elementor-element-357389c\" data-id=\"357389c\" data-element_type=\"column\" data-e-type=\"column\">\n\t\t\t<div class=\"elementor-widget-wrap elementor-element-populated\">\n\t\t\t\t\t\t<div class=\"elementor-element elementor-element-0d02fab elementor-widget__width-initial animated-slow elementor-invisible elementor-widget elementor-widget-text-editor\" data-id=\"0d02fab\" data-element_type=\"widget\" data-e-type=\"widget\" data-settings=\"{&quot;_animation&quot;:&quot;fadeIn&quot;}\" data-widget_type=\"text-editor.default\">\n\t\t\t\t<div class=\"elementor-widget-container\">\n\t\t\t\t\t\t\t\t\t<p><img decoding=\"async\" class=\"alignnone size-full wp-image-457\" src=\"https:\/\/dehumidifiedairsolutions.com\/wp-content\/uploads\/2019\/10\/dectron-small-1.png\" alt=\"\" width=\"200\" height=\"44\" \/><\/p><p><span style=\"font-size: 22px;\">Fi\u00e8re de plus de 40\u00a0ans de r\u00e9ussites,<br \/>Dectron est de loin la plus grande entreprise<br \/>de d\u00e9shumidificateurs en Am\u00e9rique du Nord<br \/>et la marque la plus reconnue et \u00e9prouv\u00e9e<br \/>de l\u2019industrie. Son offre de produits est<br \/>en plein renouvellement\u00a0: de nouvelles<br \/>conceptions et technologies lui permettront<br \/>de rester encore longtemps l\u2019une des marques<br \/>les plus respect\u00e9es sur le march\u00e9.<\/span><\/p><p>\u00a0<\/p><p><span style=\"font-size: 14px;\"><a class=\"btn btn-primary\" href=\"https:\/\/dectron.com\/\" target=\"_blank\" rel=\"noopener\">Dectron.com<\/a><\/span><\/p>\t\t\t\t\t\t\t\t<\/div>\n\t\t\t\t<\/div>\n\t\t\t\t\t<\/div>\n\t\t<\/div>\n\t\t\t\t<div class=\"elementor-column elementor-col-50 elementor-inner-column elementor-element elementor-element-9a6bddd\" data-id=\"9a6bddd\" data-element_type=\"column\" data-e-type=\"column\">\n\t\t\t<div class=\"elementor-widget-wrap\">\n\t\t\t\t\t\t\t<\/div>\n\t\t<\/div>\n\t\t\t\t\t<\/div>\n\t\t<\/section>\n\t\t\t\t<section class=\"elementor-section elementor-inner-section elementor-element elementor-element-6ca1ed5 elementor-section-content-middle elementor-section-boxed elementor-section-height-default elementor-section-height-default\" data-id=\"6ca1ed5\" data-element_type=\"section\" data-e-type=\"section\">\n\t\t\t\t\t\t<div class=\"elementor-container elementor-column-gap-wide\">\n\t\t\t\t\t<div class=\"elementor-column elementor-col-16 elementor-inner-column elementor-element elementor-element-b3e9487\" data-id=\"b3e9487\" data-element_type=\"column\" data-e-type=\"column\">\n\t\t\t<div class=\"elementor-widget-wrap elementor-element-populated\">\n\t\t\t\t\t\t<div class=\"elementor-element elementor-element-19f0b18 elementor-widget elementor-widget-image\" data-id=\"19f0b18\" data-element_type=\"widget\" data-e-type=\"widget\" data-widget_type=\"image.default\">\n\t\t\t\t<div class=\"elementor-widget-container\">\n\t\t\t\t\t\t\t\t\t\t\t\t\t\t\t\t<a href=\"https:\/\/dehumidifiedairsolutions.com\/fr\/nos-marques\/dectron\/\">\n\t\t\t\t\t\t\t<img fetchpriority=\"high\" decoding=\"async\" width=\"460\" height=\"216\" src=\"https:\/\/dehumidifiedairsolutions.com\/wp-content\/uploads\/2019\/10\/dectron-logo.png\" class=\"attachment-full size-full wp-image-669\" alt=\"\" srcset=\"https:\/\/dehumidifiedairsolutions.com\/wp-content\/uploads\/2019\/10\/dectron-logo.png 460w, https:\/\/dehumidifiedairsolutions.com\/wp-content\/uploads\/2019\/10\/dectron-logo-300x141.png 300w\" sizes=\"(max-width: 460px) 100vw, 460px\" \/>\t\t\t\t\t\t\t\t<\/a>\n\t\t\t\t\t\t\t\t\t\t\t\t\t\t\t<\/div>\n\t\t\t\t<\/div>\n\t\t\t\t\t<\/div>\n\t\t<\/div>\n\t\t\t\t<div class=\"elementor-column elementor-col-16 elementor-inner-column elementor-element elementor-element-1fac9d6\" data-id=\"1fac9d6\" data-element_type=\"column\" data-e-type=\"column\">\n\t\t\t<div class=\"elementor-widget-wrap elementor-element-populated\">\n\t\t\t\t\t\t<div class=\"elementor-element elementor-element-9672452 elementor-widget elementor-widget-image\" data-id=\"9672452\" data-element_type=\"widget\" data-e-type=\"widget\" data-widget_type=\"image.default\">\n\t\t\t\t<div class=\"elementor-widget-container\">\n\t\t\t\t\t\t\t\t\t\t\t\t\t\t\t\t<a href=\"https:\/\/dehumidifiedairsolutions.com\/fr\/nos-marques\/poolpak\/\">\n\t\t\t\t\t\t\t<img decoding=\"async\" src=\"https:\/\/dehumidifiedairsolutions.com\/wp-content\/uploads\/elementor\/thumbs\/ppkn-logo-rifgcyypqoxudo9dcxzeib9yrehwujigkovsylmvfm.png\" title=\"ppkn-logo\" alt=\"ppkn-logo\" loading=\"lazy\" \/>\t\t\t\t\t\t\t\t<\/a>\n\t\t\t\t\t\t\t\t\t\t\t\t\t\t\t<\/div>\n\t\t\t\t<\/div>\n\t\t\t\t\t<\/div>\n\t\t<\/div>\n\t\t\t\t<div class=\"elementor-column elementor-col-16 elementor-inner-column elementor-element elementor-element-1c1c6f2\" data-id=\"1c1c6f2\" data-element_type=\"column\" data-e-type=\"column\">\n\t\t\t<div class=\"elementor-widget-wrap elementor-element-populated\">\n\t\t\t\t\t\t<div class=\"elementor-element elementor-element-3af9f56 elementor-widget elementor-widget-image\" data-id=\"3af9f56\" data-element_type=\"widget\" data-e-type=\"widget\" data-widget_type=\"image.default\">\n\t\t\t\t<div class=\"elementor-widget-container\">\n\t\t\t\t\t\t\t\t\t\t\t\t\t\t\t\t<a href=\"https:\/\/dehumidifiedairsolutions.com\/fr\/nos-marques\/seresco\/\">\n\t\t\t\t\t\t\t<img decoding=\"async\" src=\"https:\/\/dehumidifiedairsolutions.com\/wp-content\/uploads\/elementor\/thumbs\/sern-logo-1-rifgesrf13fwydlsoqfacuo8cdhltcro5qjsjyxbc2.png\" title=\"sern-logo-1\" alt=\"sern-logo-1\" loading=\"lazy\" \/>\t\t\t\t\t\t\t\t<\/a>\n\t\t\t\t\t\t\t\t\t\t\t\t\t\t\t<\/div>\n\t\t\t\t<\/div>\n\t\t\t\t\t<\/div>\n\t\t<\/div>\n\t\t\t\t<div class=\"elementor-column elementor-col-16 elementor-inner-column elementor-element elementor-element-d843378\" data-id=\"d843378\" data-element_type=\"column\" data-e-type=\"column\">\n\t\t\t<div class=\"elementor-widget-wrap elementor-element-populated\">\n\t\t\t\t\t\t<div class=\"elementor-element elementor-element-ac4aff5 elementor-widget elementor-widget-image\" data-id=\"ac4aff5\" data-element_type=\"widget\" data-e-type=\"widget\" data-widget_type=\"image.default\">\n\t\t\t\t<div class=\"elementor-widget-container\">\n\t\t\t\t\t\t\t\t\t\t\t\t\t\t\t\t<a href=\"https:\/\/dehumidifiedairsolutions.com\/fr\/nos-marques\/agronomiciq\/\">\n\t\t\t\t\t\t\t<img decoding=\"async\" src=\"https:\/\/dehumidifiedairsolutions.com\/wp-content\/uploads\/elementor\/thumbs\/agiq-brand-logo-qzmjohhn2z1k0xhpil33sgw2u4wxhvk0h17g70al5u.png\" title=\"agiq-brand-logo\" alt=\"agiq-brand-logo\" loading=\"lazy\" \/>\t\t\t\t\t\t\t\t<\/a>\n\t\t\t\t\t\t\t\t\t\t\t\t\t\t\t<\/div>\n\t\t\t\t<\/div>\n\t\t\t\t\t<\/div>\n\t\t<\/div>\n\t\t\t\t<div class=\"elementor-column elementor-col-16 elementor-inner-column elementor-element elementor-element-567ee29\" data-id=\"567ee29\" data-element_type=\"column\" data-e-type=\"column\">\n\t\t\t<div class=\"elementor-widget-wrap elementor-element-populated\">\n\t\t\t\t\t\t<div class=\"elementor-element elementor-element-6ce8192 elementor-widget elementor-widget-image\" data-id=\"6ce8192\" data-element_type=\"widget\" data-e-type=\"widget\" data-widget_type=\"image.default\">\n\t\t\t\t<div class=\"elementor-widget-container\">\n\t\t\t\t\t\t\t\t\t\t\t\t\t\t\t\t<a href=\"https:\/\/dehumidifiedairsolutions.com\/fr\/nos-marques\/aquadry\/\">\n\t\t\t\t\t\t\t<img decoding=\"async\" src=\"https:\/\/dehumidifiedairsolutions.com\/wp-content\/uploads\/elementor\/thumbs\/aquadry-logo-rif7kp7o6hzlx1nt5qfh1mfj73ctwuxtfanatwkn1e.png\" title=\"aquadry-logo\" alt=\"aquadry-logo\" loading=\"lazy\" \/>\t\t\t\t\t\t\t\t<\/a>\n\t\t\t\t\t\t\t\t\t\t\t\t\t\t\t<\/div>\n\t\t\t\t<\/div>\n\t\t\t\t\t<\/div>\n\t\t<\/div>\n\t\t\t\t<div class=\"elementor-column elementor-col-16 elementor-inner-column elementor-element elementor-element-c9ca53d\" data-id=\"c9ca53d\" data-element_type=\"column\" data-e-type=\"column\">\n\t\t\t<div class=\"elementor-widget-wrap elementor-element-populated\">\n\t\t\t\t\t\t<div class=\"elementor-element elementor-element-803790e elementor-widget elementor-widget-image\" data-id=\"803790e\" data-element_type=\"widget\" data-e-type=\"widget\" data-widget_type=\"image.default\">\n\t\t\t\t<div class=\"elementor-widget-container\">\n\t\t\t\t\t\t\t\t\t\t\t\t\t\t\t\t<a href=\"https:\/\/dehumidifiedairsolutions.com\/fr\/nos-marques\/services-air-deshumidifie\/\">\n\t\t\t\t\t\t\t<img decoding=\"async\" src=\"https:\/\/dehumidifiedairsolutions.com\/wp-content\/uploads\/elementor\/thumbs\/dasv-logo-fr-rifglyb71p8hbj7owtr2c1oj3y86ef64h5au1sbfz6.png\" title=\"dasv-logo-fr\" alt=\"dasv-logo-fr\" loading=\"lazy\" \/>\t\t\t\t\t\t\t\t<\/a>\n\t\t\t\t\t\t\t\t\t\t\t\t\t\t\t<\/div>\n\t\t\t\t<\/div>\n\t\t\t\t\t<\/div>\n\t\t<\/div>\n\t\t\t\t\t<\/div>\n\t\t<\/section>\n\t\t\t\t\t<\/div>\n\t\t<\/div>\n\t\t\t\t\t<\/div>\n\t\t<\/section>\n\t\t\t\t<\/div>\n\t\t","protected":false},"excerpt":{"rendered":"<p>Fi\u00e8re de plus de 40\u00a0ans de r\u00e9ussites,Dectron est de loin la plus grande entreprisede d\u00e9shumidificateurs en Am\u00e9rique du Nordet la marque la plus reconnue et \u00e9prouv\u00e9ede l\u2019industrie. Son offre de produits esten plein renouvellement\u00a0: de nouvellesconceptions et technologies lui permettrontde rester encore longtemps l\u2019une des marquesles plus respect\u00e9es sur le march\u00e9. \u00a0 Dectron.com<\/p>\n","protected":false},"author":3,"featured_media":0,"parent":720,"menu_order":0,"comment_status":"closed","ping_status":"closed","template":"","meta":{"_acf_changed":false,"inline_featured_image":false,"generate_page_header":"","footnotes":""},"class_list":["post-5408","page","type-page","status-publish"],"acf":[],"_links":{"self":[{"href":"https:\/\/dehumidifiedairsolutions.com\/fr\/wp-json\/wp\/v2\/pages\/5408","targetHints":{"allow":["GET"]}}],"collection":[{"href":"https:\/\/dehumidifiedairsolutions.com\/fr\/wp-json\/wp\/v2\/pages"}],"about":[{"href":"https:\/\/dehumidifiedairsolutions.com\/fr\/wp-json\/wp\/v2\/types\/page"}],"author":[{"embeddable":true,"href":"https:\/\/dehumidifiedairsolutions.com\/fr\/wp-json\/wp\/v2\/users\/3"}],"replies":[{"embeddable":true,"href":"https:\/\/dehumidifiedairsolutions.com\/fr\/wp-json\/wp\/v2\/comments?post=5408"}],"version-history":[{"count":3,"href":"https:\/\/dehumidifiedairsolutions.com\/fr\/wp-json\/wp\/v2\/pages\/5408\/revisions"}],"predecessor-version":[{"id":6161,"href":"https:\/\/dehumidifiedairsolutions.com\/fr\/wp-json\/wp\/v2\/pages\/5408\/revisions\/6161"}],"up":[{"embeddable":true,"href":"https:\/\/dehumidifiedairsolutions.com\/fr\/wp-json\/wp\/v2\/pages\/720"}],"wp:attachment":[{"href":"https:\/\/dehumidifiedairsolutions.com\/fr\/wp-json\/wp\/v2\/media?parent=5408"}],"curies":[{"name":"wp","href":"https:\/\/api.w.org\/{rel}","templated":true}]}}