{"id":5081,"date":"2022-07-19T15:10:47","date_gmt":"2022-07-19T19:10:47","guid":{"rendered":"https:\/\/dehumidifiedairsolutions.com\/?page_id=5081"},"modified":"2022-07-19T15:12:05","modified_gmt":"2022-07-19T19:12:05","slug":"ambassadeurqai","status":"publish","type":"page","link":"https:\/\/dehumidifiedairsolutions.com\/fr\/ambassadeurqai\/","title":{"rendered":"Le plus grand ambassadeur de la natation pour la QAI"},"content":{"rendered":"\t\t<div data-elementor-type=\"wp-page\" data-elementor-id=\"5081\" class=\"elementor elementor-5081 elementor-5080\" data-elementor-post-type=\"page\">\n\t\t\t\t\t\t<section class=\"elementor-section elementor-top-section elementor-element elementor-element-52904b8 elementor-section-boxed elementor-section-height-default elementor-section-height-default\" data-id=\"52904b8\" data-element_type=\"section\" data-e-type=\"section\">\n\t\t\t\t\t\t<div class=\"elementor-container elementor-column-gap-default\">\n\t\t\t\t\t<div class=\"elementor-column elementor-col-100 elementor-top-column elementor-element elementor-element-a867abf\" data-id=\"a867abf\" data-element_type=\"column\" data-e-type=\"column\">\n\t\t\t<div class=\"elementor-widget-wrap elementor-element-populated\">\n\t\t\t\t\t\t<div class=\"elementor-element elementor-element-ccd6986 elementor-widget elementor-widget-image\" data-id=\"ccd6986\" data-element_type=\"widget\" data-e-type=\"widget\" data-widget_type=\"image.default\">\n\t\t\t\t<div class=\"elementor-widget-container\">\n\t\t\t\t\t\t\t\t\t\t\t\t\t\t\t<img fetchpriority=\"high\" decoding=\"async\" width=\"1024\" height=\"307\" src=\"https:\/\/dehumidifiedairsolutions.com\/wp-content\/uploads\/2022\/07\/rowdy-gaines-3-1024x307.png\" class=\"attachment-large size-large wp-image-5114\" alt=\"\" srcset=\"https:\/\/dehumidifiedairsolutions.com\/wp-content\/uploads\/2022\/07\/rowdy-gaines-3-1024x307.png 1024w, https:\/\/dehumidifiedairsolutions.com\/wp-content\/uploads\/2022\/07\/rowdy-gaines-3-300x90.png 300w, https:\/\/dehumidifiedairsolutions.com\/wp-content\/uploads\/2022\/07\/rowdy-gaines-3-768x230.png 768w, https:\/\/dehumidifiedairsolutions.com\/wp-content\/uploads\/2022\/07\/rowdy-gaines-3-1536x461.png 1536w, https:\/\/dehumidifiedairsolutions.com\/wp-content\/uploads\/2022\/07\/rowdy-gaines-3-180x54.png 180w, https:\/\/dehumidifiedairsolutions.com\/wp-content\/uploads\/2022\/07\/rowdy-gaines-3.png 2000w\" sizes=\"(max-width: 1024px) 100vw, 1024px\" \/>\t\t\t\t\t\t\t\t\t\t\t\t\t\t\t<\/div>\n\t\t\t\t<\/div>\n\t\t\t\t<div class=\"elementor-element elementor-element-3c930f5 elementor-widget elementor-widget-text-editor\" data-id=\"3c930f5\" data-element_type=\"widget\" data-e-type=\"widget\" data-widget_type=\"text-editor.default\">\n\t\t\t\t<div class=\"elementor-widget-container\">\n\t\t\t\t\t\t\t\t\t<p>En janvier, nous avons pr\u00e9sent\u00e9 Rowdy Gaines, triple m\u00e9daill\u00e9 d&rsquo;or olympique, comme notre porte-parole officiel de la QAI 2022, mais nous n&rsquo;avons fait qu&rsquo;effleurer ce qui fait de lui le meilleur porte-parole de notre initiative #MakeChangeIAQ. Aujourd&rsquo;hui, nous allons entrer dans le d\u00e9tail de Rowdy &#8211; l&rsquo;athl\u00e8te, la voix de la natation, le philanthrope et le d\u00e9fenseur de la qualit\u00e9 de l&rsquo;air int\u00e9rieur (QAI).<\/p><p>La carri\u00e8re de nageur de Rowdy : Plongeons-y !<br \/>Ambrose \u00ab\u00a0Rowdy\u00a0\u00bb Gaines, n\u00e9 \u00e0 Winter Haven, FL, \u00e9tait le nageur le plus rapide du monde dans les ann\u00e9es 1980. Il a battu 14 records du monde tout au long de sa carri\u00e8re et a remport\u00e9 trois m\u00e9dailles d&rsquo;or aux Jeux olympiques de 1984 \u00e0 Los Angeles &#8211; et ce ne sont l\u00e0 que quelques-uns de ses exploits en tant qu&rsquo;athl\u00e8te.<\/p><p>En 1991, Rowdy a contract\u00e9 et a \u00e9t\u00e9 temporairement paralys\u00e9 par le syndrome de Guillan-Barre, un virus auto-immun qui attaque le syst\u00e8me nerveux. Un an plus tard, apr\u00e8s avoir surmont\u00e9 la maladie et retrouv\u00e9 ses forces, il a remport\u00e9 les \u00e9preuves de 50 et 100 m\u00e8tres en nage libre lors des championnats du monde des ma\u00eetres &#8211; quelle pers\u00e9v\u00e9rance !<\/p><p>Rowdy est membre du Temple de la renomm\u00e9e olympique des \u00c9tats-Unis et du Temple de la renomm\u00e9e international de la natation et est consid\u00e9r\u00e9 aujourd&rsquo;hui comme \u00ab\u00a0le plus grand ambassadeur de la natation\u00a0\u00bb.<\/p><p>En dehors de la piscine : Commentateur, philanthrope, d\u00e9fenseur de la QAI et plus encore<br \/>L&rsquo;engagement et la passion de Rowdy pour la natation se sont \u00e9tendus \u00e0 des projets et des r\u00f4les en dehors de l&rsquo;eau.<\/p><p>Il a travaill\u00e9 avec TNT, CBS et ESPN en tant qu&rsquo;annonceur et couvre la natation olympique depuis 1991. Rowdy, consid\u00e9r\u00e9 comme la voix de la natation, a annonc\u00e9 sa huiti\u00e8me \u00e9mission olympique pour NBC lors des Jeux de 2020. Il est \u00e9galement un conf\u00e9rencier motivateur qui partage son parcours inspirant d&rsquo;athl\u00e8te aux Jeux olympiques et au-del\u00e0.<\/p><p>Rowdy consacre son temps \u00e0 contribuer \u00e0 diverses organisations qui lui tiennent \u00e0 c\u0153ur, en tant que membre du conseil d&rsquo;administration de USA Special Olympics, de la Fondation ZAC et d&rsquo;Asphalt Green (NYC), et en tant qu&rsquo;ambassadeur de Swim Across America et de la Fondation USA Swimming.<\/p><p>Rowdy est \u00e9galement vice-pr\u00e9sident des partenariats et du d\u00e9veloppement pour la Pool &amp; Hot Tub Alliance et, \u00e0 ce titre, il dirige Step Into Swim. Step Into Swim, en partenariat avec Every Child A Swimmer, est une initiative engag\u00e9e dans l&rsquo;\u00e9ducation \u00e0 la natation et la pr\u00e9vention des noyades (et une initiative que Dehumidified Air Solutions est fi\u00e8re de soutenir).<\/p><p>Bien s\u00fbr, Rowdy est \u00e9galement devenu le porte-parole de Dehumidified Air Solutions pour la QAI 2022. En tant que nageur et diffuseur officiel de ce sport, il passe beaucoup de temps dans ou autour de la piscine et a pu constater la diff\u00e9rence qu&rsquo;une bonne QAI fait sur les performances et la sant\u00e9. La QAI affecte la sant\u00e9 et le confort non seulement des nageurs, mais aussi de leurs parents et autres supporters dans les gradins, des entra\u00eeneurs, des b\u00e9n\u00e9voles et des gestionnaires d&rsquo;installations. Ces communaut\u00e9s constituent ce que nous aimons appeler l&rsquo;\u00e9quipe derri\u00e8re l&rsquo;\u00e9quipe de natation. Rowdy conna\u00eet bien la QAI et est en contact avec ces communaut\u00e9s qui utilisent des piscines couvertes.<\/p><p>Nous sommes ravis de travailler aux c\u00f4t\u00e9s de Rowdy pour aider \u00e0 changer la fa\u00e7on dont les gens pensent \u00e0 l&rsquo;environnement des piscines int\u00e9rieures et faire en sorte que davantage de communaut\u00e9s soient plus conscientes et comprennent mieux l&rsquo;importance d&rsquo;une bonne QAI. En savoir plus sur l&rsquo;initiative #MakeChangeIAQ.<\/p><p>\u00a0<\/p>\t\t\t\t\t\t\t\t<\/div>\n\t\t\t\t<\/div>\n\t\t\t\t\t<\/div>\n\t\t<\/div>\n\t\t\t\t\t<\/div>\n\t\t<\/section>\n\t\t\t\t<\/div>\n\t\t","protected":false},"excerpt":{"rendered":"<p>En janvier, nous avons pr\u00e9sent\u00e9 Rowdy Gaines, triple m\u00e9daill\u00e9 d&rsquo;or olympique, comme notre porte-parole officiel de la QAI 2022, mais nous n&rsquo;avons fait qu&rsquo;effleurer ce qui fait de lui le meilleur porte-parole de notre initiative #MakeChangeIAQ. Aujourd&rsquo;hui, nous allons entrer dans le d\u00e9tail de Rowdy &#8211; l&rsquo;athl\u00e8te, la voix de la natation, le philanthrope et &#8230; <a title=\"Le plus grand ambassadeur de la natation pour la QAI\" class=\"read-more\" href=\"https:\/\/dehumidifiedairsolutions.com\/fr\/ambassadeurqai\/\" aria-label=\"En savoir plus sur Le plus grand ambassadeur de la natation pour la QAI\">Lire plus<\/a><\/p>\n","protected":false},"author":3,"featured_media":0,"parent":0,"menu_order":0,"comment_status":"closed","ping_status":"closed","template":"","meta":{"_acf_changed":false,"inline_featured_image":false,"generate_page_header":"","footnotes":""},"class_list":["post-5081","page","type-page","status-publish"],"acf":[],"_links":{"self":[{"href":"https:\/\/dehumidifiedairsolutions.com\/fr\/wp-json\/wp\/v2\/pages\/5081","targetHints":{"allow":["GET"]}}],"collection":[{"href":"https:\/\/dehumidifiedairsolutions.com\/fr\/wp-json\/wp\/v2\/pages"}],"about":[{"href":"https:\/\/dehumidifiedairsolutions.com\/fr\/wp-json\/wp\/v2\/types\/page"}],"author":[{"embeddable":true,"href":"https:\/\/dehumidifiedairsolutions.com\/fr\/wp-json\/wp\/v2\/users\/3"}],"replies":[{"embeddable":true,"href":"https:\/\/dehumidifiedairsolutions.com\/fr\/wp-json\/wp\/v2\/comments?post=5081"}],"version-history":[{"count":3,"href":"https:\/\/dehumidifiedairsolutions.com\/fr\/wp-json\/wp\/v2\/pages\/5081\/revisions"}],"predecessor-version":[{"id":5138,"href":"https:\/\/dehumidifiedairsolutions.com\/fr\/wp-json\/wp\/v2\/pages\/5081\/revisions\/5138"}],"wp:attachment":[{"href":"https:\/\/dehumidifiedairsolutions.com\/fr\/wp-json\/wp\/v2\/media?parent=5081"}],"curies":[{"name":"wp","href":"https:\/\/api.w.org\/{rel}","templated":true}]}}