{"id":4788,"date":"2022-04-14T15:54:07","date_gmt":"2022-04-14T19:54:07","guid":{"rendered":"https:\/\/dehumidifiedairsolutions.com\/?page_id=4788"},"modified":"2022-04-14T16:02:04","modified_gmt":"2022-04-14T20:02:04","slug":"commis-dentrepot","status":"publish","type":"page","link":"https:\/\/dehumidifiedairsolutions.com\/fr\/commis-dentrepot\/","title":{"rendered":"Commis d&rsquo;entrep\u00f4t"},"content":{"rendered":"\t\t<div data-elementor-type=\"wp-page\" data-elementor-id=\"4788\" class=\"elementor elementor-4788 elementor-4787\" data-elementor-post-type=\"page\">\n\t\t\t\t\t\t<section class=\"elementor-section elementor-top-section elementor-element elementor-element-12bd6af3 elementor-section-boxed elementor-section-height-default elementor-section-height-default\" data-id=\"12bd6af3\" data-element_type=\"section\" data-e-type=\"section\">\n\t\t\t\t\t\t<div class=\"elementor-container elementor-column-gap-no\">\n\t\t\t\t\t<div class=\"elementor-column elementor-col-100 elementor-top-column elementor-element elementor-element-7481ccca\" data-id=\"7481ccca\" data-element_type=\"column\" data-e-type=\"column\">\n\t\t\t<div class=\"elementor-widget-wrap elementor-element-populated\">\n\t\t\t\t\t\t<div class=\"elementor-element elementor-element-f567477 elementor-widget elementor-widget-spacer\" data-id=\"f567477\" data-element_type=\"widget\" data-e-type=\"widget\" data-widget_type=\"spacer.default\">\n\t\t\t\t<div class=\"elementor-widget-container\">\n\t\t\t\t\t\t\t<div class=\"elementor-spacer\">\n\t\t\t<div class=\"elementor-spacer-inner\"><\/div>\n\t\t<\/div>\n\t\t\t\t\t\t<\/div>\n\t\t\t\t<\/div>\n\t\t\t\t<div class=\"elementor-element elementor-element-9a713bd elementor-widget elementor-widget-heading\" data-id=\"9a713bd\" data-element_type=\"widget\" data-e-type=\"widget\" data-widget_type=\"heading.default\">\n\t\t\t\t<div class=\"elementor-widget-container\">\n\t\t\t\t\t<h1 class=\"elementor-heading-title elementor-size-default\">Commis d'entrep\u00f4t <\/h1>\t\t\t\t<\/div>\n\t\t\t\t<\/div>\n\t\t\t\t<div class=\"elementor-element elementor-element-d5ef3d6 elementor-widget elementor-widget-spacer\" data-id=\"d5ef3d6\" data-element_type=\"widget\" data-e-type=\"widget\" data-widget_type=\"spacer.default\">\n\t\t\t\t<div class=\"elementor-widget-container\">\n\t\t\t\t\t\t\t<div class=\"elementor-spacer\">\n\t\t\t<div class=\"elementor-spacer-inner\"><\/div>\n\t\t<\/div>\n\t\t\t\t\t\t<\/div>\n\t\t\t\t<\/div>\n\t\t\t\t<div class=\"elementor-element elementor-element-99af9a5 elementor-widget elementor-widget-text-editor\" data-id=\"99af9a5\" data-element_type=\"widget\" data-e-type=\"widget\" data-widget_type=\"text-editor.default\">\n\t\t\t\t<div class=\"elementor-widget-container\">\n\t\t\t\t\t\t\t\t\t<p><strong>Type d\u2019emploi<\/strong> : Temps plein, Permanent<br \/><strong>Lieu<\/strong> : Montr\u00e9al, QC<\/p>\n\t\t\t\t\t\t\t\t<\/div>\n\t\t\t\t<\/div>\n\t\t\t\t<div class=\"elementor-element elementor-element-18e92d0 elementor-widget elementor-widget-text-editor\" data-id=\"18e92d0\" data-element_type=\"widget\" data-e-type=\"widget\" data-widget_type=\"text-editor.default\">\n\t\t\t\t<div class=\"elementor-widget-container\">\n\t\t\t\t\t\t\t\t\t<p>Nous cherchons \u00e0 \u00e9largir notre \u00e9quipe ! Solutions d\u2019air d\u00e9shumidifi\u00e9, le principal fabricant de d\u00e9shumidificateurs de piscines int\u00e9rieures et de salles de culture en Am\u00e9rique du Nord, est \u00e0 la recherche d\u2019un commis d&rsquo;entrep\u00f4t pour notre usine situ\u00e9 \u00e0 Montr\u00e9al, Qu\u00e9bec.<\/p>\t\t\t\t\t\t\t\t<\/div>\n\t\t\t\t<\/div>\n\t\t\t\t<div class=\"elementor-element elementor-element-9a19cf1 elementor-widget elementor-widget-heading\" data-id=\"9a19cf1\" data-element_type=\"widget\" data-e-type=\"widget\" data-widget_type=\"heading.default\">\n\t\t\t\t<div class=\"elementor-widget-container\">\n\t\t\t\t\t<h2 class=\"elementor-heading-title elementor-size-default\">T\u00e2ches et responsabilit\u00e9s du poste:<\/h2>\t\t\t\t<\/div>\n\t\t\t\t<\/div>\n\t\t\t\t<div class=\"elementor-element elementor-element-04daf03 elementor-widget elementor-widget-text-editor\" data-id=\"04daf03\" data-element_type=\"widget\" data-e-type=\"widget\" data-widget_type=\"text-editor.default\">\n\t\t\t\t<div class=\"elementor-widget-container\">\n\t\t\t\t\t\t\t\t\t<ul><li>Entretien de l&rsquo;\u00e9quipement (changement d&rsquo;huile et de filtre) et r\u00e9parations mineures.<\/li><li>Construction int\u00e9rieure (construction\/r\u00e9novation de bureaux). Comprend l&rsquo;installation et la finition de cloisons s\u00e8ches, la pose de panneaux, l&rsquo;installation de conduites d&rsquo;eau et de lignes \u00e9lectriques, l&rsquo;installation de commutateurs, la peinture, etc.<\/li><li>Entretien ext\u00e9rieur des b\u00e2timents. Entretien de la pelouse, peinture et r\u00e9parations mineures de l&rsquo;ext\u00e9rieur du b\u00e2timent. Entretien de la zone de fabrication (montage de rayonnages, d\u00e9placement des lignes de production et des \u00e9quipements de soutien (convoyeurs, grues pivotantes, tables de travail, \u00e9quipements de soutien, etc.)<\/li><li>Construction d&rsquo;\u00e9quipements\/caisses de pi\u00e8ces pour l&rsquo;exp\u00e9dition de pi\u00e8ces\/\u00e9quipements.<\/li><li>D\u00e9termination des fournitures requises pour les projets et commande des outils et fournitures n\u00e9cessaires.<\/li><li>Mise en page et gestion des projets, y compris la main-d&rsquo;\u0153uvre ext\u00e9rieure.<\/li><li>Conduite du v\u00e9hicule de l&rsquo;usine (ramassage et livraison).<\/li><li>Chargement et d\u00e9chargement des mat\u00e9riaux du projet\u00a0<\/li><\/ul>\t\t\t\t\t\t\t\t<\/div>\n\t\t\t\t<\/div>\n\t\t\t\t<div class=\"elementor-element elementor-element-68718d5 elementor-widget elementor-widget-heading\" data-id=\"68718d5\" data-element_type=\"widget\" data-e-type=\"widget\" data-widget_type=\"heading.default\">\n\t\t\t\t<div class=\"elementor-widget-container\">\n\t\t\t\t\t<h2 class=\"elementor-heading-title elementor-size-default\">Comp\u00e9tences et exp\u00e9rience requises:<\/h2>\t\t\t\t<\/div>\n\t\t\t\t<\/div>\n\t\t\t\t<div class=\"elementor-element elementor-element-cf22825 elementor-widget elementor-widget-text-editor\" data-id=\"cf22825\" data-element_type=\"widget\" data-e-type=\"widget\" data-widget_type=\"text-editor.default\">\n\t\t\t\t<div class=\"elementor-widget-container\">\n\t\t\t\t\t\t\t\t\t<ul><li>Exp\u00e9rience ant\u00e9rieure en entretien dans un environnement manufacturier (1 \u00e0 3 ans, un atout).<\/li><li>Capacit\u00e9 \u00e0 soulever 50 livres.<\/li><li>Certification de chariot \u00e9l\u00e9vateur \u00e0 fourche<\/li><li>Comp\u00e9tences en communication<\/li><li>Exp\u00e9rience avec les outils et l&rsquo;\u00e9quipement de construction<\/li><li>Comp\u00e9tences math\u00e9matiques de base<\/li><li>Lecture de plans<\/li><li>Comp\u00e9tences informatiques de base (Microsoft Office, un plus)<\/li><li>Esprit d&rsquo;initiative<\/li><li>Esprit d&rsquo;\u00e9quipe\u00a0<\/li><\/ul>\t\t\t\t\t\t\t\t<\/div>\n\t\t\t\t<\/div>\n\t\t\t\t<div class=\"elementor-element elementor-element-6e6c759 elementor-widget elementor-widget-heading\" data-id=\"6e6c759\" data-element_type=\"widget\" data-e-type=\"widget\" data-widget_type=\"heading.default\">\n\t\t\t\t<div class=\"elementor-widget-container\">\n\t\t\t\t\t<h2 class=\"elementor-heading-title elementor-size-default\">Salaire et avantages<\/h2>\t\t\t\t<\/div>\n\t\t\t\t<\/div>\n\t\t\t\t<div class=\"elementor-element elementor-element-350aa1a elementor-widget elementor-widget-text-editor\" data-id=\"350aa1a\" data-element_type=\"widget\" data-e-type=\"widget\" data-widget_type=\"text-editor.default\">\n\t\t\t\t<div class=\"elementor-widget-container\">\n\t\t\t\t\t\t\t\t\t<ul>\n<li>Salaire comp\u00e9titif<\/li>\n<li>Couverture m\u00e9dicale<\/li>\n<li>Couverture pharmaceutique<\/li>\n<li>Couverture des soins dentaires<\/li>\n<li>Couverture des soins de la vue<\/li>\n<li>Vacances pay\u00e9es<\/li>\n<li>Formation continue<\/li>\n<\/ul>\n\t\t\t\t\t\t\t\t<\/div>\n\t\t\t\t<\/div>\n\t\t\t\t<div class=\"elementor-element elementor-element-ec9ff2d elementor-widget elementor-widget-heading\" data-id=\"ec9ff2d\" data-element_type=\"widget\" data-e-type=\"widget\" id=\"openroles\" data-widget_type=\"heading.default\">\n\t\t\t\t<div class=\"elementor-widget-container\">\n\t\t\t\t\t<h2 class=\"elementor-heading-title elementor-size-default\">Comment postuler<\/h2>\t\t\t\t<\/div>\n\t\t\t\t<\/div>\n\t\t\t\t<div class=\"elementor-element elementor-element-a59d224 elementor-widget elementor-widget-text-editor\" data-id=\"a59d224\" data-element_type=\"widget\" data-e-type=\"widget\" data-widget_type=\"text-editor.default\">\n\t\t\t\t<div class=\"elementor-widget-container\">\n\t\t\t\t\t\t\t\t\t<p>Nous invitons tous les candidats int\u00e9ress\u00e9s \u00e0 envoyer leur curriculum vitae et une lettre de motivation \u00e0 <a href=\"mailto:employment@dehumidifiedairsolutions.com\">employment@dehumidifiedairsolutions.com<\/a> en indiquant le poste pour lequel vous postulez dans l&rsquo;objet de votre courriel.\u00a0<\/p>\n<p>Nous remercions tous les candidats. Toutefois, seules les personnes s\u00e9lectionn\u00e9es seront contact\u00e9es.<\/p>\n\t\t\t\t\t\t\t\t<\/div>\n\t\t\t\t<\/div>\n\t\t\t\t<div class=\"elementor-element elementor-element-3c008fc elementor-widget elementor-widget-spacer\" data-id=\"3c008fc\" data-element_type=\"widget\" data-e-type=\"widget\" data-widget_type=\"spacer.default\">\n\t\t\t\t<div class=\"elementor-widget-container\">\n\t\t\t\t\t\t\t<div class=\"elementor-spacer\">\n\t\t\t<div class=\"elementor-spacer-inner\"><\/div>\n\t\t<\/div>\n\t\t\t\t\t\t<\/div>\n\t\t\t\t<\/div>\n\t\t\t\t\t<\/div>\n\t\t<\/div>\n\t\t\t\t\t<\/div>\n\t\t<\/section>\n\t\t\t\t<\/div>\n\t\t","protected":false},"excerpt":{"rendered":"<p>Commis d&rsquo;entrep\u00f4t Type d\u2019emploi : Temps plein, Permanent Lieu : Montr\u00e9al, QC Nous cherchons \u00e0 \u00e9largir notre \u00e9quipe ! Solutions d\u2019air d\u00e9shumidifi\u00e9, le principal fabricant de d\u00e9shumidificateurs de piscines int\u00e9rieures et de salles de culture en Am\u00e9rique du Nord, est \u00e0 la recherche d\u2019un commis d&rsquo;entrep\u00f4t pour notre usine situ\u00e9 \u00e0 Montr\u00e9al, Qu\u00e9bec. T\u00e2ches et &#8230; <a title=\"Commis d&rsquo;entrep\u00f4t\" class=\"read-more\" href=\"https:\/\/dehumidifiedairsolutions.com\/fr\/commis-dentrepot\/\" aria-label=\"En savoir plus sur Commis d&rsquo;entrep\u00f4t\">Lire plus<\/a><\/p>\n","protected":false},"author":3,"featured_media":0,"parent":0,"menu_order":0,"comment_status":"closed","ping_status":"closed","template":"elementor_header_footer","meta":{"_acf_changed":false,"inline_featured_image":false,"generate_page_header":"","footnotes":""},"class_list":["post-4788","page","type-page","status-publish"],"acf":[],"_links":{"self":[{"href":"https:\/\/dehumidifiedairsolutions.com\/fr\/wp-json\/wp\/v2\/pages\/4788","targetHints":{"allow":["GET"]}}],"collection":[{"href":"https:\/\/dehumidifiedairsolutions.com\/fr\/wp-json\/wp\/v2\/pages"}],"about":[{"href":"https:\/\/dehumidifiedairsolutions.com\/fr\/wp-json\/wp\/v2\/types\/page"}],"author":[{"embeddable":true,"href":"https:\/\/dehumidifiedairsolutions.com\/fr\/wp-json\/wp\/v2\/users\/3"}],"replies":[{"embeddable":true,"href":"https:\/\/dehumidifiedairsolutions.com\/fr\/wp-json\/wp\/v2\/comments?post=4788"}],"version-history":[{"count":3,"href":"https:\/\/dehumidifiedairsolutions.com\/fr\/wp-json\/wp\/v2\/pages\/4788\/revisions"}],"predecessor-version":[{"id":4875,"href":"https:\/\/dehumidifiedairsolutions.com\/fr\/wp-json\/wp\/v2\/pages\/4788\/revisions\/4875"}],"wp:attachment":[{"href":"https:\/\/dehumidifiedairsolutions.com\/fr\/wp-json\/wp\/v2\/media?parent=4788"}],"curies":[{"name":"wp","href":"https:\/\/api.w.org\/{rel}","templated":true}]}}