{"id":4774,"date":"2022-04-14T16:13:15","date_gmt":"2022-04-14T20:13:15","guid":{"rendered":"https:\/\/dehumidifiedairsolutions.com\/?page_id=4774"},"modified":"2022-04-14T16:22:21","modified_gmt":"2022-04-14T20:22:21","slug":"inspecteur-de-la-qualite","status":"publish","type":"page","link":"https:\/\/dehumidifiedairsolutions.com\/fr\/inspecteur-de-la-qualite\/","title":{"rendered":"Inspecteur de la qualit\u00e9"},"content":{"rendered":"\t\t<div data-elementor-type=\"wp-page\" data-elementor-id=\"4774\" class=\"elementor elementor-4774 elementor-4773\" data-elementor-post-type=\"page\">\n\t\t\t\t\t\t<section class=\"elementor-section elementor-top-section elementor-element elementor-element-12bd6af3 elementor-section-boxed elementor-section-height-default elementor-section-height-default\" data-id=\"12bd6af3\" data-element_type=\"section\" data-e-type=\"section\">\n\t\t\t\t\t\t<div class=\"elementor-container elementor-column-gap-no\">\n\t\t\t\t\t<div class=\"elementor-column elementor-col-100 elementor-top-column elementor-element elementor-element-7481ccca\" data-id=\"7481ccca\" data-element_type=\"column\" data-e-type=\"column\">\n\t\t\t<div class=\"elementor-widget-wrap elementor-element-populated\">\n\t\t\t\t\t\t<div class=\"elementor-element elementor-element-f567477 elementor-widget elementor-widget-spacer\" data-id=\"f567477\" data-element_type=\"widget\" data-e-type=\"widget\" data-widget_type=\"spacer.default\">\n\t\t\t\t<div class=\"elementor-widget-container\">\n\t\t\t\t\t\t\t<div class=\"elementor-spacer\">\n\t\t\t<div class=\"elementor-spacer-inner\"><\/div>\n\t\t<\/div>\n\t\t\t\t\t\t<\/div>\n\t\t\t\t<\/div>\n\t\t\t\t<div class=\"elementor-element elementor-element-9a713bd elementor-widget elementor-widget-heading\" data-id=\"9a713bd\" data-element_type=\"widget\" data-e-type=\"widget\" data-widget_type=\"heading.default\">\n\t\t\t\t<div class=\"elementor-widget-container\">\n\t\t\t\t\t<h1 class=\"elementor-heading-title elementor-size-default\">Inspecteur de la qualit\u00e9\n<\/h1>\t\t\t\t<\/div>\n\t\t\t\t<\/div>\n\t\t\t\t<div class=\"elementor-element elementor-element-d5ef3d6 elementor-widget elementor-widget-spacer\" data-id=\"d5ef3d6\" data-element_type=\"widget\" data-e-type=\"widget\" data-widget_type=\"spacer.default\">\n\t\t\t\t<div class=\"elementor-widget-container\">\n\t\t\t\t\t\t\t<div class=\"elementor-spacer\">\n\t\t\t<div class=\"elementor-spacer-inner\"><\/div>\n\t\t<\/div>\n\t\t\t\t\t\t<\/div>\n\t\t\t\t<\/div>\n\t\t\t\t<div class=\"elementor-element elementor-element-99af9a5 elementor-widget elementor-widget-text-editor\" data-id=\"99af9a5\" data-element_type=\"widget\" data-e-type=\"widget\" data-widget_type=\"text-editor.default\">\n\t\t\t\t<div class=\"elementor-widget-container\">\n\t\t\t\t\t\t\t\t\t<p><strong>Type d\u2019emploi<\/strong> : Temps plein, Permanent<br \/><strong>Lieu<\/strong> : Montr\u00e9al, QC<\/p>\n\t\t\t\t\t\t\t\t<\/div>\n\t\t\t\t<\/div>\n\t\t\t\t<div class=\"elementor-element elementor-element-18e92d0 elementor-widget elementor-widget-text-editor\" data-id=\"18e92d0\" data-element_type=\"widget\" data-e-type=\"widget\" data-widget_type=\"text-editor.default\">\n\t\t\t\t<div class=\"elementor-widget-container\">\n\t\t\t\t\t\t\t\t\t<p>Sous la responsabilit\u00e9 de :\u00a0<\/p><p>Chef de site AQ\u00a0<\/p>\t\t\t\t\t\t\t\t<\/div>\n\t\t\t\t<\/div>\n\t\t\t\t<div class=\"elementor-element elementor-element-53155b7 elementor-widget elementor-widget-heading\" data-id=\"53155b7\" data-element_type=\"widget\" data-e-type=\"widget\" data-widget_type=\"heading.default\">\n\t\t\t\t<div class=\"elementor-widget-container\">\n\t\t\t\t\t<h2 class=\"elementor-heading-title elementor-size-default\">Fonctions et responsabilit\u00e9s du poste\n<\/h2>\t\t\t\t<\/div>\n\t\t\t\t<\/div>\n\t\t\t\t<div class=\"elementor-element elementor-element-40df42e elementor-widget elementor-widget-text-editor\" data-id=\"40df42e\" data-element_type=\"widget\" data-e-type=\"widget\" data-widget_type=\"text-editor.default\">\n\t\t\t\t<div class=\"elementor-widget-container\">\n\t\t\t\t\t\t\t\t\t<ul><li>Participer \u00e0 l&rsquo;\u00e9laboration de programmes d&rsquo;inspection pour :<\/li><li>L&rsquo;inspection de la r\u00e9ception<\/li><li>T\u00f4lerie<\/li><li>Assemblage<\/li><li>Brasage et tuyauterie<\/li><li>C\u00e2blage (test des composants et des unit\u00e9s).<\/li><li>Effectuer des inspections selon le plan d&rsquo;inspection \u00e9tabli dans chacun des domaines ci-dessus.<\/li><li>Aider \u00e0 documenter les probl\u00e8mes \u00e0 l&rsquo;aide du syst\u00e8me ACE ProdTest.<\/li><li>Participer \u00e0 l&rsquo;\u00e9laboration de la cause profonde et des mesures correctives pour les probl\u00e8mes identifi\u00e9s.<\/li><li>Autres t\u00e2ches selon les besoins.<\/li><\/ul>\t\t\t\t\t\t\t\t<\/div>\n\t\t\t\t<\/div>\n\t\t\t\t<div class=\"elementor-element elementor-element-9a19cf1 elementor-widget elementor-widget-heading\" data-id=\"9a19cf1\" data-element_type=\"widget\" data-e-type=\"widget\" data-widget_type=\"heading.default\">\n\t\t\t\t<div class=\"elementor-widget-container\">\n\t\t\t\t\t<h2 class=\"elementor-heading-title elementor-size-default\">Comp\u00e9tences et exp\u00e9rience requises<\/h2>\t\t\t\t<\/div>\n\t\t\t\t<\/div>\n\t\t\t\t<div class=\"elementor-element elementor-element-04daf03 elementor-widget elementor-widget-text-editor\" data-id=\"04daf03\" data-element_type=\"widget\" data-e-type=\"widget\" data-widget_type=\"text-editor.default\">\n\t\t\t\t<div class=\"elementor-widget-container\">\n\t\t\t\t\t\t\t\t\t<ul><li>Familiarit\u00e9 avec l&rsquo;utilisation de l&rsquo;\u00e9quipement de mesure<\/li><li>Connaissance des op\u00e9rations d&rsquo;assemblage, de t\u00f4lerie, de brasage et de c\u00e2blage. La connaissance de ces op\u00e9rations dans une entreprise de CVC ou de fabrication similaire est un atout.<\/li><li>Lecture de plans. La capacit\u00e9 \u00e0 lire des sch\u00e9mas \u00e9lectriques est un plus.<\/li><li>Connaissance de Microsoft Office<\/li><li>Souci du d\u00e9tail<\/li><li>Bon sens de l&rsquo;organisation et du suivi<\/li><li>Esprit d&rsquo;initiative<\/li><li>Esprit d&rsquo;\u00e9quipe<\/li><li>Comp\u00e9tences en communication orale et \u00e9crite<\/li><\/ul>\t\t\t\t\t\t\t\t<\/div>\n\t\t\t\t<\/div>\n\t\t\t\t<div class=\"elementor-element elementor-element-48c3600 elementor-widget elementor-widget-heading\" data-id=\"48c3600\" data-element_type=\"widget\" data-e-type=\"widget\" data-widget_type=\"heading.default\">\n\t\t\t\t<div class=\"elementor-widget-container\">\n\t\t\t\t\t<h2 class=\"elementor-heading-title elementor-size-default\">Qualifications en mati\u00e8re d'\u00e9ducation et d'exp\u00e9rience<\/h2>\t\t\t\t<\/div>\n\t\t\t\t<\/div>\n\t\t\t\t<div class=\"elementor-element elementor-element-6fa5fd3 elementor-widget elementor-widget-text-editor\" data-id=\"6fa5fd3\" data-element_type=\"widget\" data-e-type=\"widget\" data-widget_type=\"text-editor.default\">\n\t\t\t\t<div class=\"elementor-widget-container\">\n\t\t\t\t\t\t\t\t\t<ul><li>Dipl\u00f4me d&rsquo;\u00e9cole secondaire ou d&rsquo;\u00e9cole professionnelle avec 3+ ans d&rsquo;exp\u00e9rience directe en fabrication. Une exp\u00e9rience pr\u00e9alable dans une entreprise de fabrication de syst\u00e8mes CVC est un atout.<\/li><li>Un dipl\u00f4me d&rsquo;ing\u00e9nieur en m\u00e9canique ou en \u00e9lectricit\u00e9 (ou une discipline similaire) avec 1 \u00e0 3 ans d&rsquo;exp\u00e9rience est pr\u00e9f\u00e9rable.<\/li><li>Une exp\u00e9rience pr\u00e9alable de l&rsquo;inspection dans un environnement de fabrication est requise.<\/li><\/ul>\t\t\t\t\t\t\t\t<\/div>\n\t\t\t\t<\/div>\n\t\t\t\t<div class=\"elementor-element elementor-element-6e6c759 elementor-widget elementor-widget-heading\" data-id=\"6e6c759\" data-element_type=\"widget\" data-e-type=\"widget\" data-widget_type=\"heading.default\">\n\t\t\t\t<div class=\"elementor-widget-container\">\n\t\t\t\t\t<h2 class=\"elementor-heading-title elementor-size-default\">Salaire et avantages<\/h2>\t\t\t\t<\/div>\n\t\t\t\t<\/div>\n\t\t\t\t<div class=\"elementor-element elementor-element-350aa1a elementor-widget elementor-widget-text-editor\" data-id=\"350aa1a\" data-element_type=\"widget\" data-e-type=\"widget\" data-widget_type=\"text-editor.default\">\n\t\t\t\t<div class=\"elementor-widget-container\">\n\t\t\t\t\t\t\t\t\t<ul>\n<li>Salaire comp\u00e9titif<\/li>\n<li>Couverture m\u00e9dicale<\/li>\n<li>Couverture pharmaceutique<\/li>\n<li>Couverture des soins dentaires<\/li>\n<li>Couverture des soins de la vue<\/li>\n<li>Vacances pay\u00e9es<\/li>\n<li>Formation continue<\/li>\n<\/ul>\n\t\t\t\t\t\t\t\t<\/div>\n\t\t\t\t<\/div>\n\t\t\t\t<div class=\"elementor-element elementor-element-ec9ff2d elementor-widget elementor-widget-heading\" data-id=\"ec9ff2d\" data-element_type=\"widget\" data-e-type=\"widget\" id=\"openroles\" data-widget_type=\"heading.default\">\n\t\t\t\t<div class=\"elementor-widget-container\">\n\t\t\t\t\t<h2 class=\"elementor-heading-title elementor-size-default\">Comment postuler<\/h2>\t\t\t\t<\/div>\n\t\t\t\t<\/div>\n\t\t\t\t<div class=\"elementor-element elementor-element-a59d224 elementor-widget elementor-widget-text-editor\" data-id=\"a59d224\" data-element_type=\"widget\" data-e-type=\"widget\" data-widget_type=\"text-editor.default\">\n\t\t\t\t<div class=\"elementor-widget-container\">\n\t\t\t\t\t\t\t\t\t<p>Nous invitons tous les candidats int\u00e9ress\u00e9s \u00e0 envoyer leur curriculum vitae et une lettre de motivation \u00e0 <a href=\"mailto:employment@dehumidifiedairsolutions.com\">employment@dehumidifiedairsolutions.com<\/a> en indiquant le poste pour lequel vous postulez dans l&rsquo;objet de votre courriel.\u00a0<\/p>\n<p>Nous remercions tous les candidats. Toutefois, seules les personnes s\u00e9lectionn\u00e9es seront contact\u00e9es.<\/p>\n\t\t\t\t\t\t\t\t<\/div>\n\t\t\t\t<\/div>\n\t\t\t\t<div class=\"elementor-element elementor-element-3c008fc elementor-widget elementor-widget-spacer\" data-id=\"3c008fc\" data-element_type=\"widget\" data-e-type=\"widget\" data-widget_type=\"spacer.default\">\n\t\t\t\t<div class=\"elementor-widget-container\">\n\t\t\t\t\t\t\t<div class=\"elementor-spacer\">\n\t\t\t<div class=\"elementor-spacer-inner\"><\/div>\n\t\t<\/div>\n\t\t\t\t\t\t<\/div>\n\t\t\t\t<\/div>\n\t\t\t\t\t<\/div>\n\t\t<\/div>\n\t\t\t\t\t<\/div>\n\t\t<\/section>\n\t\t\t\t<\/div>\n\t\t","protected":false},"excerpt":{"rendered":"<p>Inspecteur de la qualit\u00e9 Type d\u2019emploi : Temps plein, PermanentLieu : Montr\u00e9al, QC Sous la responsabilit\u00e9 de :\u00a0 Chef de site AQ\u00a0 Fonctions et responsabilit\u00e9s du poste Participer \u00e0 l&rsquo;\u00e9laboration de programmes d&rsquo;inspection pour : L&rsquo;inspection de la r\u00e9ception T\u00f4lerie Assemblage Brasage et tuyauterie C\u00e2blage (test des composants et des unit\u00e9s). Effectuer des inspections selon &#8230; <a title=\"Inspecteur de la qualit\u00e9\" class=\"read-more\" href=\"https:\/\/dehumidifiedairsolutions.com\/fr\/inspecteur-de-la-qualite\/\" aria-label=\"En savoir plus sur Inspecteur de la qualit\u00e9\">Lire plus<\/a><\/p>\n","protected":false},"author":3,"featured_media":0,"parent":0,"menu_order":0,"comment_status":"closed","ping_status":"closed","template":"elementor_header_footer","meta":{"_acf_changed":false,"inline_featured_image":false,"generate_page_header":"","footnotes":""},"class_list":["post-4774","page","type-page","status-publish"],"acf":[],"_links":{"self":[{"href":"https:\/\/dehumidifiedairsolutions.com\/fr\/wp-json\/wp\/v2\/pages\/4774","targetHints":{"allow":["GET"]}}],"collection":[{"href":"https:\/\/dehumidifiedairsolutions.com\/fr\/wp-json\/wp\/v2\/pages"}],"about":[{"href":"https:\/\/dehumidifiedairsolutions.com\/fr\/wp-json\/wp\/v2\/types\/page"}],"author":[{"embeddable":true,"href":"https:\/\/dehumidifiedairsolutions.com\/fr\/wp-json\/wp\/v2\/users\/3"}],"replies":[{"embeddable":true,"href":"https:\/\/dehumidifiedairsolutions.com\/fr\/wp-json\/wp\/v2\/comments?post=4774"}],"version-history":[{"count":3,"href":"https:\/\/dehumidifiedairsolutions.com\/fr\/wp-json\/wp\/v2\/pages\/4774\/revisions"}],"predecessor-version":[{"id":4886,"href":"https:\/\/dehumidifiedairsolutions.com\/fr\/wp-json\/wp\/v2\/pages\/4774\/revisions\/4886"}],"wp:attachment":[{"href":"https:\/\/dehumidifiedairsolutions.com\/fr\/wp-json\/wp\/v2\/media?parent=4774"}],"curies":[{"name":"wp","href":"https:\/\/api.w.org\/{rel}","templated":true}]}}