{"id":4584,"date":"2022-01-19T16:16:54","date_gmt":"2022-01-19T21:16:54","guid":{"rendered":"https:\/\/dehumidifiedairsolutions.com\/?page_id=4584"},"modified":"2022-01-19T16:19:49","modified_gmt":"2022-01-19T21:19:49","slug":"rowdygaines","status":"publish","type":"page","link":"https:\/\/dehumidifiedairsolutions.com\/fr\/rowdygaines\/","title":{"rendered":"Rowdy Gaines"},"content":{"rendered":"\t\t<div data-elementor-type=\"wp-page\" data-elementor-id=\"4584\" class=\"elementor elementor-4584 elementor-4583\" data-elementor-post-type=\"page\">\n\t\t\t\t\t\t<section class=\"elementor-section elementor-top-section elementor-element elementor-element-3d9b915 elementor-section-boxed elementor-section-height-default elementor-section-height-default\" data-id=\"3d9b915\" data-element_type=\"section\" data-e-type=\"section\">\n\t\t\t\t\t\t<div class=\"elementor-container elementor-column-gap-default\">\n\t\t\t\t\t<div class=\"elementor-column elementor-col-100 elementor-top-column elementor-element elementor-element-f75087a\" data-id=\"f75087a\" data-element_type=\"column\" data-e-type=\"column\">\n\t\t\t<div class=\"elementor-widget-wrap elementor-element-populated\">\n\t\t\t\t\t\t<div class=\"elementor-element elementor-element-c21e8d8 elementor-widget elementor-widget-heading\" data-id=\"c21e8d8\" data-element_type=\"widget\" data-e-type=\"widget\" data-widget_type=\"heading.default\">\n\t\t\t\t<div class=\"elementor-widget-container\">\n\t\t\t\t\t<h2 class=\"elementor-heading-title elementor-size-default\"><h1 data-elementor-setting-key=\"title\" data-pen-placeholder=\"Type Here...\" style=\"font-style: normal\">Rowdy Gaines<\/h1><\/h2>\t\t\t\t<\/div>\n\t\t\t\t<\/div>\n\t\t\t\t\t<\/div>\n\t\t<\/div>\n\t\t\t\t\t<\/div>\n\t\t<\/section>\n\t\t\t\t<section class=\"elementor-section elementor-top-section elementor-element elementor-element-3152e9c elementor-section-boxed elementor-section-height-default elementor-section-height-default\" data-id=\"3152e9c\" data-element_type=\"section\" data-e-type=\"section\">\n\t\t\t\t\t\t<div class=\"elementor-container elementor-column-gap-extended\">\n\t\t\t\t\t<div class=\"elementor-column elementor-col-50 elementor-top-column elementor-element elementor-element-e4087db\" data-id=\"e4087db\" data-element_type=\"column\" data-e-type=\"column\">\n\t\t\t<div class=\"elementor-widget-wrap elementor-element-populated\">\n\t\t\t\t\t\t<div class=\"elementor-element elementor-element-2fdcac0 elementor-widget elementor-widget-image\" data-id=\"2fdcac0\" data-element_type=\"widget\" data-e-type=\"widget\" data-widget_type=\"image.default\">\n\t\t\t\t<div class=\"elementor-widget-container\">\n\t\t\t\t\t\t\t\t\t\t\t\t\t\t\t<img fetchpriority=\"high\" decoding=\"async\" width=\"687\" height=\"900\" src=\"https:\/\/dehumidifiedairsolutions.com\/wp-content\/uploads\/2022\/01\/rowdy-pic-olympic.jpg\" class=\"attachment-medium_large size-medium_large wp-image-4591\" alt=\"\" srcset=\"https:\/\/dehumidifiedairsolutions.com\/wp-content\/uploads\/2022\/01\/rowdy-pic-olympic.jpg 687w, https:\/\/dehumidifiedairsolutions.com\/wp-content\/uploads\/2022\/01\/rowdy-pic-olympic-229x300.jpg 229w, https:\/\/dehumidifiedairsolutions.com\/wp-content\/uploads\/2022\/01\/rowdy-pic-olympic-180x236.jpg 180w\" sizes=\"(max-width: 687px) 100vw, 687px\" \/>\t\t\t\t\t\t\t\t\t\t\t\t\t\t\t<\/div>\n\t\t\t\t<\/div>\n\t\t\t\t\t<\/div>\n\t\t<\/div>\n\t\t\t\t<div class=\"elementor-column elementor-col-50 elementor-top-column elementor-element elementor-element-668ea76\" data-id=\"668ea76\" data-element_type=\"column\" data-e-type=\"column\">\n\t\t\t<div class=\"elementor-widget-wrap elementor-element-populated\">\n\t\t\t\t\t\t<div class=\"elementor-element elementor-element-19491c5 elementor-widget elementor-widget-text-editor\" data-id=\"19491c5\" data-element_type=\"widget\" data-e-type=\"widget\" data-widget_type=\"text-editor.default\">\n\t\t\t\t<div class=\"elementor-widget-container\">\n\t\t\t\t\t\t\t\t\t<p>Dehumidified Air Solutions s&rsquo;assure les services du \u00ab\u00a0plus grand ambassadeur de la natation\u00a0\u00bb pour transmettre son message sur la QAI.<\/p><p>Rowdy Gaines, triple m\u00e9daill\u00e9 d&rsquo;or olympique et voix de la natation olympique, sera en 2022 IAQ le porte-parole officiel de Dehumidified Air Solutions, qui fait partie de la division IAQ de Madison Industries et qui fabrique les principales marques de d\u00e9shumidificateurs de piscine : Dectron, PoolPak et Seresco.<\/p><p>La mission de Dehumidified Air Solutions est d&rsquo;aider les ing\u00e9nieurs, les entrepreneurs et les propri\u00e9taires \u00e0 cr\u00e9er un environnement de piscine int\u00e9rieure optimal pour les communaut\u00e9s qu&rsquo;ils servent. L&rsquo;une des 2022 strat\u00e9gies commerciales des trois marques de piscines est d&rsquo;influencer et de fa\u00e7onner le march\u00e9. Avec Rowdy Gaines comme porte-parole, nous allons changer la fa\u00e7on dont les gens pensent \u00e0 l&rsquo;environnement des piscines int\u00e9rieures et comment nos \u00e9quipements contribuent \u00e0 une meilleure QAI. Les nageurs, les entra\u00eeneurs, les parents, les b\u00e9n\u00e9voles et les gestionnaires des installations de natation comprendront mieux l&rsquo;importance d&rsquo;une bonne QAI. Cette initiative s&rsquo;inscrit dans la mission de Madison Industries, qui consiste \u00e0 rendre le monde plus s\u00fbr, plus sain et plus productif.<\/p><p>Il n&rsquo;y a pas de meilleure personne pour nous aider \u00e0 \u00e9duquer ces communaut\u00e9s que Rowdy Gaines, qui conna\u00eet bien la QAI et a travaill\u00e9 avec divers produits et marques li\u00e9s \u00e0 la piscine. Rowdy, connu comme le nageur le plus rapide de la plan\u00e8te tout au long des ann\u00e9es 1980, est membre du Temple de la renomm\u00e9e olympique des \u00c9tats-Unis et membre du Temple de la renomm\u00e9e international de la natation. Il est analyste de natation pour la cha\u00eene de t\u00e9l\u00e9vision NBC et diffuse des \u00e9missions sur ce sport, couvrant la natation aux Jeux olympiques, depuis 1992.<\/p><p>Tout au long de l&rsquo;ann\u00e9e 2022, Dehumidified Air Solutions et Rowdy travailleront ensemble pour faire en sorte que le message sur la QAI atteigne et r\u00e9sonne aupr\u00e8s d&rsquo;un public plus large.\u00a0<\/p><p>Pour ceux d&rsquo;entre vous qui sont actifs sur les m\u00e9dias sociaux, nous vous encourageons \u00e0 suivre notre page d&rsquo;entreprise et \u00e0 aimer et partager le nouveau contenu d\u00e8s qu&rsquo;il est publi\u00e9. <a href=\"https:\/\/www.linkedin.com\/company\/dehumidified-air-solutions\/\">https:\/\/www.linkedin.com\/company\/dehumidified-air-solutions\/<\/a><\/p>\t\t\t\t\t\t\t\t<\/div>\n\t\t\t\t<\/div>\n\t\t\t\t\t<\/div>\n\t\t<\/div>\n\t\t\t\t\t<\/div>\n\t\t<\/section>\n\t\t\t\t<\/div>\n\t\t","protected":false},"excerpt":{"rendered":"<p>Rowdy Gaines Dehumidified Air Solutions s&rsquo;assure les services du \u00ab\u00a0plus grand ambassadeur de la natation\u00a0\u00bb pour transmettre son message sur la QAI. Rowdy Gaines, triple m\u00e9daill\u00e9 d&rsquo;or olympique et voix de la natation olympique, sera en 2022 IAQ le porte-parole officiel de Dehumidified Air Solutions, qui fait partie de la division IAQ de Madison Industries &#8230; <a title=\"Rowdy Gaines\" class=\"read-more\" href=\"https:\/\/dehumidifiedairsolutions.com\/fr\/rowdygaines\/\" aria-label=\"En savoir plus sur Rowdy Gaines\">Lire plus<\/a><\/p>\n","protected":false},"author":3,"featured_media":0,"parent":0,"menu_order":0,"comment_status":"closed","ping_status":"closed","template":"","meta":{"_acf_changed":false,"inline_featured_image":false,"generate_page_header":"","footnotes":""},"class_list":["post-4584","page","type-page","status-publish"],"acf":[],"_links":{"self":[{"href":"https:\/\/dehumidifiedairsolutions.com\/fr\/wp-json\/wp\/v2\/pages\/4584","targetHints":{"allow":["GET"]}}],"collection":[{"href":"https:\/\/dehumidifiedairsolutions.com\/fr\/wp-json\/wp\/v2\/pages"}],"about":[{"href":"https:\/\/dehumidifiedairsolutions.com\/fr\/wp-json\/wp\/v2\/types\/page"}],"author":[{"embeddable":true,"href":"https:\/\/dehumidifiedairsolutions.com\/fr\/wp-json\/wp\/v2\/users\/3"}],"replies":[{"embeddable":true,"href":"https:\/\/dehumidifiedairsolutions.com\/fr\/wp-json\/wp\/v2\/comments?post=4584"}],"version-history":[{"count":3,"href":"https:\/\/dehumidifiedairsolutions.com\/fr\/wp-json\/wp\/v2\/pages\/4584\/revisions"}],"predecessor-version":[{"id":4609,"href":"https:\/\/dehumidifiedairsolutions.com\/fr\/wp-json\/wp\/v2\/pages\/4584\/revisions\/4609"}],"wp:attachment":[{"href":"https:\/\/dehumidifiedairsolutions.com\/fr\/wp-json\/wp\/v2\/media?parent=4584"}],"curies":[{"name":"wp","href":"https:\/\/api.w.org\/{rel}","templated":true}]}}