{"id":2102,"date":"2021-04-28T19:20:04","date_gmt":"2021-04-28T23:20:04","guid":{"rendered":"https:\/\/dehumidifiedairsolutions.com\/?page_id=2102"},"modified":"2021-11-11T14:07:17","modified_gmt":"2021-11-11T19:07:17","slug":"assembleur","status":"publish","type":"page","link":"https:\/\/dehumidifiedairsolutions.com\/fr\/assembleur\/","title":{"rendered":"Assembleur"},"content":{"rendered":"\t\t<div data-elementor-type=\"wp-page\" data-elementor-id=\"2102\" class=\"elementor elementor-2102 elementor-2101\" data-elementor-post-type=\"page\">\n\t\t\t\t\t\t<section class=\"elementor-section elementor-top-section elementor-element elementor-element-12bd6af3 elementor-section-boxed elementor-section-height-default elementor-section-height-default\" data-id=\"12bd6af3\" data-element_type=\"section\" data-e-type=\"section\">\n\t\t\t\t\t\t<div class=\"elementor-container elementor-column-gap-no\">\n\t\t\t\t\t<div class=\"elementor-column elementor-col-100 elementor-top-column elementor-element elementor-element-7481ccca\" data-id=\"7481ccca\" data-element_type=\"column\" data-e-type=\"column\">\n\t\t\t<div class=\"elementor-widget-wrap elementor-element-populated\">\n\t\t\t\t\t\t<div class=\"elementor-element elementor-element-f567477 elementor-widget elementor-widget-spacer\" data-id=\"f567477\" data-element_type=\"widget\" data-e-type=\"widget\" data-widget_type=\"spacer.default\">\n\t\t\t\t<div class=\"elementor-widget-container\">\n\t\t\t\t\t\t\t<div class=\"elementor-spacer\">\n\t\t\t<div class=\"elementor-spacer-inner\"><\/div>\n\t\t<\/div>\n\t\t\t\t\t\t<\/div>\n\t\t\t\t<\/div>\n\t\t\t\t<div class=\"elementor-element elementor-element-9a713bd elementor-widget elementor-widget-heading\" data-id=\"9a713bd\" data-element_type=\"widget\" data-e-type=\"widget\" data-widget_type=\"heading.default\">\n\t\t\t\t<div class=\"elementor-widget-container\">\n\t\t\t\t\t<h1 class=\"elementor-heading-title elementor-size-default\">Assembleur<\/h1>\t\t\t\t<\/div>\n\t\t\t\t<\/div>\n\t\t\t\t<div class=\"elementor-element elementor-element-d5ef3d6 elementor-widget elementor-widget-spacer\" data-id=\"d5ef3d6\" data-element_type=\"widget\" data-e-type=\"widget\" data-widget_type=\"spacer.default\">\n\t\t\t\t<div class=\"elementor-widget-container\">\n\t\t\t\t\t\t\t<div class=\"elementor-spacer\">\n\t\t\t<div class=\"elementor-spacer-inner\"><\/div>\n\t\t<\/div>\n\t\t\t\t\t\t<\/div>\n\t\t\t\t<\/div>\n\t\t\t\t<div class=\"elementor-element elementor-element-99af9a5 elementor-widget elementor-widget-text-editor\" data-id=\"99af9a5\" data-element_type=\"widget\" data-e-type=\"widget\" data-widget_type=\"text-editor.default\">\n\t\t\t\t<div class=\"elementor-widget-container\">\n\t\t\t\t\t\t\t\t\t<p><strong>Type d\u2019emploi<\/strong> : Temps plein, Permanent<br \/><strong>Lieu<\/strong> : Montr\u00e9al, QC<\/p>\n\t\t\t\t\t\t\t\t<\/div>\n\t\t\t\t<\/div>\n\t\t\t\t<div class=\"elementor-element elementor-element-18e92d0 elementor-widget elementor-widget-text-editor\" data-id=\"18e92d0\" data-element_type=\"widget\" data-e-type=\"widget\" data-widget_type=\"text-editor.default\">\n\t\t\t\t<div class=\"elementor-widget-container\">\n\t\t\t\t\t\t\t\t\t<p>Nous cherchons \u00e0 \u00e9largir notre \u00e9quipe ! Solutions d\u2019air d\u00e9shumidifi\u00e9, le principal fabricant de d\u00e9shumidificateurs de piscines int\u00e9rieures et de salles de culture en Am\u00e9rique du Nord, est \u00e0 la recherche d&rsquo;un(e) Assembleur (e) pour notre entrep\u00f4t&nbsp;situ\u00e9 \u00e0 Montr\u00e9al, Qu\u00e9bec.<\/p>\t\t\t\t\t\t\t\t<\/div>\n\t\t\t\t<\/div>\n\t\t\t\t<div class=\"elementor-element elementor-element-53155b7 elementor-widget elementor-widget-heading\" data-id=\"53155b7\" data-element_type=\"widget\" data-e-type=\"widget\" data-widget_type=\"heading.default\">\n\t\t\t\t<div class=\"elementor-widget-container\">\n\t\t\t\t\t<h2 class=\"elementor-heading-title elementor-size-default\">R\u00e9sum\u00e9 du poste<\/h2>\t\t\t\t<\/div>\n\t\t\t\t<\/div>\n\t\t\t\t<div class=\"elementor-element elementor-element-40df42e elementor-widget elementor-widget-text-editor\" data-id=\"40df42e\" data-element_type=\"widget\" data-e-type=\"widget\" data-widget_type=\"text-editor.default\">\n\t\t\t\t<div class=\"elementor-widget-container\">\n\t\t\t\t\t\t\t\t\t<p>L&rsquo;assembleur devra joindre des pi\u00e8ces ou des produits \u00e0 l&rsquo;aide d&rsquo;une vari\u00e9t\u00e9 d&rsquo;outils et d&rsquo;\u00e9quipements selon les sp\u00e9cifications requises dans la ligne de production et s&rsquo;assurer que toutes les pi\u00e8ces s&rsquo;ajustent correctement et conviennent au produit final.<\/p>\n\t\t\t\t\t\t\t\t<\/div>\n\t\t\t\t<\/div>\n\t\t\t\t<div class=\"elementor-element elementor-element-9a19cf1 elementor-widget elementor-widget-heading\" data-id=\"9a19cf1\" data-element_type=\"widget\" data-e-type=\"widget\" data-widget_type=\"heading.default\">\n\t\t\t\t<div class=\"elementor-widget-container\">\n\t\t\t\t\t<h2 class=\"elementor-heading-title elementor-size-default\">T\u00e2ches et responsabilit\u00e9s principales<\/h2>\t\t\t\t<\/div>\n\t\t\t\t<\/div>\n\t\t\t\t<div class=\"elementor-element elementor-element-04daf03 elementor-widget elementor-widget-text-editor\" data-id=\"04daf03\" data-element_type=\"widget\" data-e-type=\"widget\" data-widget_type=\"text-editor.default\">\n\t\t\t\t<div class=\"elementor-widget-container\">\n\t\t\t\t\t\t\t\t\t<ul>\n<li>Assembler des pi\u00e8ces m\u00e9talliques \u00e0 l&rsquo;aide d&rsquo;outils manuels<\/li>\n<li>Assembler des unit\u00e9s selon les normes de l&rsquo;entreprise<\/li>\n<li>Lire et interpr\u00e9ter les dessins et les documents de l&rsquo;unit\u00e9<\/li>\n<li>Remplir la documentation requise<\/li>\n<li>Respecter les normes de qualit\u00e9 et de productivit\u00e9<\/li>\n<li>Utiliser l&rsquo;\u00e9quipement de mani\u00e8re s\u00fbre et appropri\u00e9e<\/li>\n<li>Toutes les autres t\u00e2ches connexes<\/li>\n<\/ul>\n\t\t\t\t\t\t\t\t<\/div>\n\t\t\t\t<\/div>\n\t\t\t\t<div class=\"elementor-element elementor-element-48c3600 elementor-widget elementor-widget-heading\" data-id=\"48c3600\" data-element_type=\"widget\" data-e-type=\"widget\" data-widget_type=\"heading.default\">\n\t\t\t\t<div class=\"elementor-widget-container\">\n\t\t\t\t\t<h2 class=\"elementor-heading-title elementor-size-default\">Qualifications en mati\u00e8re d'\u00e9ducation et d'exp\u00e9rience<\/h2>\t\t\t\t<\/div>\n\t\t\t\t<\/div>\n\t\t\t\t<div class=\"elementor-element elementor-element-6fa5fd3 elementor-widget elementor-widget-text-editor\" data-id=\"6fa5fd3\" data-element_type=\"widget\" data-e-type=\"widget\" data-widget_type=\"text-editor.default\">\n\t\t\t\t<div class=\"elementor-widget-container\">\n\t\t\t\t\t\t\t\t\t<ul>\n<li>Un dipl\u00f4me d&rsquo;\u00e9tudes secondaires est un atout.<\/li>\n<li>Au moins six mois d&rsquo;exp\u00e9rience dans un environnement de fabrication.<\/li>\n<\/ul>\n\t\t\t\t\t\t\t\t<\/div>\n\t\t\t\t<\/div>\n\t\t\t\t<div class=\"elementor-element elementor-element-68718d5 elementor-widget elementor-widget-heading\" data-id=\"68718d5\" data-element_type=\"widget\" data-e-type=\"widget\" data-widget_type=\"heading.default\">\n\t\t\t\t<div class=\"elementor-widget-container\">\n\t\t\t\t\t<h2 class=\"elementor-heading-title elementor-size-default\">Comp\u00e9tences requises<\/h2>\t\t\t\t<\/div>\n\t\t\t\t<\/div>\n\t\t\t\t<div class=\"elementor-element elementor-element-cf22825 elementor-widget elementor-widget-text-editor\" data-id=\"cf22825\" data-element_type=\"widget\" data-e-type=\"widget\" data-widget_type=\"text-editor.default\">\n\t\t\t\t<div class=\"elementor-widget-container\">\n\t\t\t\t\t\t\t\t\t<ul>\n<li>Exp\u00e9rience dans l&rsquo;environnement de fabrication<\/li>\n<li>Dext\u00e9rit\u00e9 physique pour effectuer l&rsquo;assemblage requis<\/li>\n<li>Souci du d\u00e9tail<\/li>\n<li>Une solide \u00e9thique de travail<\/li>\n<li>Esprit d&rsquo;\u00e9quipe<\/li>\n<li>Capacit\u00e9 d&rsquo;effectuer des t\u00e2ches r\u00e9p\u00e9titives<\/li>\n<li>Capacit\u00e9 \u00e0 soulever jusqu&rsquo;\u00e0 50 livres<\/li>\n<\/ul>\n\t\t\t\t\t\t\t\t<\/div>\n\t\t\t\t<\/div>\n\t\t\t\t<div class=\"elementor-element elementor-element-6e6c759 elementor-widget elementor-widget-heading\" data-id=\"6e6c759\" data-element_type=\"widget\" data-e-type=\"widget\" data-widget_type=\"heading.default\">\n\t\t\t\t<div class=\"elementor-widget-container\">\n\t\t\t\t\t<h2 class=\"elementor-heading-title elementor-size-default\">Salaire et avantages<\/h2>\t\t\t\t<\/div>\n\t\t\t\t<\/div>\n\t\t\t\t<div class=\"elementor-element elementor-element-350aa1a elementor-widget elementor-widget-text-editor\" data-id=\"350aa1a\" data-element_type=\"widget\" data-e-type=\"widget\" data-widget_type=\"text-editor.default\">\n\t\t\t\t<div class=\"elementor-widget-container\">\n\t\t\t\t\t\t\t\t\t<ul>\n<li>Salaire comp\u00e9titif<\/li>\n<li>Couverture m\u00e9dicale<\/li>\n<li>Couverture pharmaceutique<\/li>\n<li>Couverture des soins dentaires<\/li>\n<li>Couverture des soins de la vue<\/li>\n<li>Vacances pay\u00e9es<\/li>\n<li>Formation continue<\/li><li>Programme de cotisation \u00e9gale au REER<\/li>\n<\/ul>\t\t\t\t\t\t\t\t<\/div>\n\t\t\t\t<\/div>\n\t\t\t\t<div class=\"elementor-element elementor-element-ec9ff2d elementor-widget elementor-widget-heading\" data-id=\"ec9ff2d\" data-element_type=\"widget\" data-e-type=\"widget\" id=\"openroles\" data-widget_type=\"heading.default\">\n\t\t\t\t<div class=\"elementor-widget-container\">\n\t\t\t\t\t<h2 class=\"elementor-heading-title elementor-size-default\">Comment postuler<\/h2>\t\t\t\t<\/div>\n\t\t\t\t<\/div>\n\t\t\t\t<div class=\"elementor-element elementor-element-a59d224 elementor-widget elementor-widget-text-editor\" data-id=\"a59d224\" data-element_type=\"widget\" data-e-type=\"widget\" data-widget_type=\"text-editor.default\">\n\t\t\t\t<div class=\"elementor-widget-container\">\n\t\t\t\t\t\t\t\t\t<p>Nous invitons tous les candidats int\u00e9ress\u00e9s \u00e0 envoyer leur curriculum vitae et une lettre de motivation \u00e0 <a href=\"mailto:employment@dehumidifiedairsolutions.com\">employment@dehumidifiedairsolutions.com<\/a> en indiquant le poste pour lequel vous postulez dans l&rsquo;objet de votre courriel.\u00a0<\/p>\n<p>Nous remercions tous les candidats. Toutefois, seules les personnes s\u00e9lectionn\u00e9es seront contact\u00e9es.<\/p>\n\t\t\t\t\t\t\t\t<\/div>\n\t\t\t\t<\/div>\n\t\t\t\t<div class=\"elementor-element elementor-element-3c008fc elementor-widget elementor-widget-spacer\" data-id=\"3c008fc\" data-element_type=\"widget\" data-e-type=\"widget\" data-widget_type=\"spacer.default\">\n\t\t\t\t<div class=\"elementor-widget-container\">\n\t\t\t\t\t\t\t<div class=\"elementor-spacer\">\n\t\t\t<div class=\"elementor-spacer-inner\"><\/div>\n\t\t<\/div>\n\t\t\t\t\t\t<\/div>\n\t\t\t\t<\/div>\n\t\t\t\t\t<\/div>\n\t\t<\/div>\n\t\t\t\t\t<\/div>\n\t\t<\/section>\n\t\t\t\t<\/div>\n\t\t","protected":false},"excerpt":{"rendered":"<p>Assembleur Type d\u2019emploi : Temps plein, PermanentLieu : Montr\u00e9al, QC Nous cherchons \u00e0 \u00e9largir notre \u00e9quipe ! Solutions d\u2019air d\u00e9shumidifi\u00e9, le principal fabricant de d\u00e9shumidificateurs de piscines int\u00e9rieures et de salles de culture en Am\u00e9rique du Nord, est \u00e0 la recherche d&rsquo;un(e) Assembleur (e) pour notre entrep\u00f4t&nbsp;situ\u00e9 \u00e0 Montr\u00e9al, Qu\u00e9bec. R\u00e9sum\u00e9 du poste L&rsquo;assembleur devra &#8230; <a title=\"Assembleur\" class=\"read-more\" href=\"https:\/\/dehumidifiedairsolutions.com\/fr\/assembleur\/\" aria-label=\"En savoir plus sur Assembleur\">Lire plus<\/a><\/p>\n","protected":false},"author":3,"featured_media":0,"parent":0,"menu_order":0,"comment_status":"closed","ping_status":"closed","template":"elementor_header_footer","meta":{"_acf_changed":false,"inline_featured_image":false,"generate_page_header":"","footnotes":""},"class_list":["post-2102","page","type-page","status-publish"],"acf":[],"_links":{"self":[{"href":"https:\/\/dehumidifiedairsolutions.com\/fr\/wp-json\/wp\/v2\/pages\/2102","targetHints":{"allow":["GET"]}}],"collection":[{"href":"https:\/\/dehumidifiedairsolutions.com\/fr\/wp-json\/wp\/v2\/pages"}],"about":[{"href":"https:\/\/dehumidifiedairsolutions.com\/fr\/wp-json\/wp\/v2\/types\/page"}],"author":[{"embeddable":true,"href":"https:\/\/dehumidifiedairsolutions.com\/fr\/wp-json\/wp\/v2\/users\/3"}],"replies":[{"embeddable":true,"href":"https:\/\/dehumidifiedairsolutions.com\/fr\/wp-json\/wp\/v2\/comments?post=2102"}],"version-history":[{"count":3,"href":"https:\/\/dehumidifiedairsolutions.com\/fr\/wp-json\/wp\/v2\/pages\/2102\/revisions"}],"predecessor-version":[{"id":4413,"href":"https:\/\/dehumidifiedairsolutions.com\/fr\/wp-json\/wp\/v2\/pages\/2102\/revisions\/4413"}],"wp:attachment":[{"href":"https:\/\/dehumidifiedairsolutions.com\/fr\/wp-json\/wp\/v2\/media?parent=2102"}],"curies":[{"name":"wp","href":"https:\/\/api.w.org\/{rel}","templated":true}]}}